{"id":4157,"date":"2021-03-25T15:35:44","date_gmt":"2021-03-25T18:35:44","guid":{"rendered":"https:\/\/isfd804-chu.infd.edu.ar\/sitio\/?page_id=4157"},"modified":"2024-09-24T20:52:54","modified_gmt":"2024-09-24T23:52:54","slug":"inscripcion-a-cursada","status":"publish","type":"page","link":"https:\/\/isfd804-chu.infd.edu.ar\/sitio\/inscripcion-a-cursada\/","title":{"rendered":"Inscripci\u00f3n a Cursada"},"content":{"rendered":"<p><!--more--><\/p>\n<h4>CAP\u00cdTULO II: PERMANENCIA (RAM)<\/h4>\n<p>Art\u00edculo 17.- <strong><em>Los y las estudiantes deber\u00e1n inscribirse en cada una de las unidades curriculares que cursar\u00e1n en cada cuatrimestre o a\u00f1o lectivo, en las fechas establecidas para tal fin. Para que la inscripci\u00f3n tenga validez se debe respetar el sistema de correlatividades establecido en el Dise\u00f1o Curricular de la carrera.<\/em><\/strong><\/p>\n<p>Art\u00edculo 20.- Es estudiante condicional aqu\u00e9l que ingresa a un IES adeudando asignaturas de nivel secundario, o es mayor de 25 a\u00f1os y participa del dispositivo de evaluaci\u00f3n dispuesto por\u00a0la DGES. Esta condici\u00f3n se extiende hasta el 31 de octubre, fecha l\u00edmite para regularizar su situaci\u00f3n. Los estudiantes en esta condici\u00f3n son susceptibles de todos los derechos y obligaciones de un estudiante regular; no obstante, <strong>no podr\u00e1n acreditar unidades curriculares hasta tanto completen la documentaci\u00f3n exigida<\/strong>. Para lo cual los institutos deber\u00e1n habilitar un Libro de Registro de estudiantes condicionales, para disponer de informaci\u00f3n sobre su situaci\u00f3n acad\u00e9mica.<\/p>\n<h4>Caja Curricular y r\u00e9gimen de correlatividades:<\/h4>\n<ul>\n<li><a href=\"https:\/\/drive.google.com\/file\/d\/1uM35RIw8Xsd2Bc9-M3jiPVnXKYDBUSQJ\/view?usp=drivesdk\">PES en Econom\u00eda \u2013 Plan 2019<\/a><\/li>\n<li><a href=\"https:\/\/drive.google.com\/file\/d\/1MVgV79Opfz4x7bHnfbI1UqecRtJ7ZNED\/view?usp=drivesdk\">PES en F\u00edsica \u2013 Plan 2019<\/a><\/li>\n<li><a href=\"https:\/\/drive.google.com\/file\/d\/1Impm3FB5xI9mkCChu1kYG8pRKNPkPmuw\/view?usp=drivesdk\">PES en Matem\u00e1tica- Plan 2019<\/a><\/li>\n<li><a href=\"https:\/\/drive.google.com\/file\/d\/1PlE8tl0fQHlmQmwj6sh4UP4VXdck_Twu\/view?usp=drivesdk\">PES en Qu\u00edmica \u2013 Plan 2019<\/a><\/li>\n<li><a href=\"https:\/\/drive.google.com\/file\/d\/1glmoFHIE-Dlcst9Z1W3pt-gsw6ahVLWx\/view?usp=sharing\">PES en Biolog\u00eda &#8211; Plan 2019<\/a><\/li>\n<li><a href=\"https:\/\/drive.google.com\/file\/d\/1IjS2QA5izEYh4l3LPY2il_D8iawGnfYU\/view?usp=drivesdk\">PEE Intelectuales \u2013 plan 2017<\/a><\/li>\n<li><a href=\"https:\/\/drive.google.com\/file\/d\/1lnwxJNsN2L4nmN69-wcRIQAJo8VRSjeu\/view?usp=sharing\">TS en Administraci\u00f3n P\u00fablica Orientada al DL &#8211; Plan 2015<\/a><\/li>\n<\/ul>\n<p>NOTA: para ver los dise\u00f1os curriculares de todas las carreras, ir a la secci\u00f3n <a href=\"https:\/\/isfd804-chu.infd.edu.ar\/sitio\/nuestras-ofertas\/\">nuestras ofertas<\/a><\/p>\n<h4>Inscripci\u00f3n a unidades curriculares:<\/h4>\n<ul>\n<li><a href=\"https:\/\/docs.google.com\/document\/d\/1pLDY-JkjRbrqr8cPoGn1SEHAhjVGfiNu\/edit?usp=drive_link&amp;ouid=100702284467176787417&amp;rtpof=true&amp;sd=true\">Planilla de inscripci\u00f3n a unidades curriculares.<\/a><\/li>\n<\/ul>\n<p>Si alg\u00fan link no funciona, o no corresponde, por favor dirija un correo a oficinaestudiantes804@gmail.com indicando cu\u00e1l es. Desde ya, muchas gracias.<\/p>\n","protected":false},"excerpt":{"rendered":"","protected":false},"author":2410,"featured_media":0,"parent":0,"menu_order":0,"comment_status":"closed","ping_status":"closed","template":"","meta":[],"acf":[],"_links":{"self":[{"href":"https:\/\/isfd804-chu.infd.edu.ar\/sitio\/wp-json\/wp\/v2\/pages\/4157"}],"collection":[{"href":"https:\/\/isfd804-chu.infd.edu.ar\/sitio\/wp-json\/wp\/v2\/pages"}],"about":[{"href":"https:\/\/isfd804-chu.infd.edu.ar\/sitio\/wp-json\/wp\/v2\/types\/page"}],"author":[{"embeddable":true,"href":"https:\/\/isfd804-chu.infd.edu.ar\/sitio\/wp-json\/wp\/v2\/users\/2410"}],"replies":[{"embeddable":true,"href":"https:\/\/isfd804-chu.infd.edu.ar\/sitio\/wp-json\/wp\/v2\/comments?post=4157"}],"version-history":[{"count":20,"href":"https:\/\/isfd804-chu.infd.edu.ar\/sitio\/wp-json\/wp\/v2\/pages\/4157\/revisions"}],"predecessor-version":[{"id":5873,"href":"https:\/\/isfd804-chu.infd.edu.ar\/sitio\/wp-json\/wp\/v2\/pages\/4157\/revisions\/5873"}],"wp:attachment":[{"href":"https:\/\/isfd804-chu.infd.edu.ar\/sitio\/wp-json\/wp\/v2\/media?parent=4157"}],"curies":[{"name":"wp","href":"https:\/\/api.w.org\/{rel}","templated":true}]}}