{"id":4120,"date":"2021-03-13T12:54:26","date_gmt":"2021-03-13T15:54:26","guid":{"rendered":"https:\/\/isfd804-chu.infd.edu.ar\/sitio\/?page_id=4120"},"modified":"2024-09-03T19:21:00","modified_gmt":"2024-09-03T22:21:00","slug":"normativa","status":"publish","type":"page","link":"https:\/\/isfd804-chu.infd.edu.ar\/sitio\/normativa\/","title":{"rendered":"Normativa"},"content":{"rendered":"<h2>Leyes &#8211;\u00a0Resoluciones &#8211;\u00a0Reglamentos<\/h2>\n<p>A continuaci\u00f3n les brindamos acceso directo a la normativa (leyes resoluciones, disposiciones y dem\u00e1s) que enmarca la tarea institucional, en d\u00f3nde se establecen tiempos y procedimientos, as\u00ed como derechos y deberes de los actores institucionales:<\/p>\n<h4>LEYES<\/h4>\n<ul>\n<li><a href=\"https:\/\/drive.google.com\/file\/d\/1NsDmK2a7rh03u5-gNszVQKD330nssf13\/view?usp=sharing\">Ley N\u00b0 26.606 &#8211; Ley de Educaci\u00f3n Nacional<\/a><\/li>\n<li><a href=\"https:\/\/drive.google.com\/file\/d\/1Ostcgu9qz42KDJLtLL9BaVsDNQ0Jd1FC\/view?usp=sharing\">Ley de Educaci\u00f3n de la Provincia del Chubut<\/a><\/li>\n<\/ul>\n<h4>REGLAMENTOS y RESOLUCIONES<\/h4>\n<ul>\n<li>Reglamento Org\u00e1nico Marco <a title=\"ROM\" href=\"upload\/ROM_version_definitiva.pdf\" target=\"_blank\" rel=\"noopener\">(ROM)<\/a><\/li>\n<li>Reglamento Acad\u00e9mico Marco <a title=\"RAM\" href=\"upload\/RAM.pdf\" target=\"_blank\" rel=\"noopener\">(RAM)<\/a><\/li>\n<li>Reglamento Jurisdiccional de <strong>Pr\u00e1cticas y Residencia <a href=\"https:\/\/drive.google.com\/file\/d\/1-VLjGa_lnIJBvaDpsf3K7XQEXvr5uw0h\/view?usp=drive_link\">(Reglamento Jurisdiccional de Pr\u00e1cticas y Residencia)<\/a> \u00a0<\/strong><\/li>\n<\/ul>\n<ul>\n<li><a href=\"https:\/\/isfd804-chu.infd.edu.ar\/sitio\/wp-content\/uploads\/2020\/02\/anexo_resolucion_cfe_340_18_0.pdf\">N\u00facleos de aprendizaje prioritarios de <strong>Educaci\u00f3n Sexual Integral<\/strong>. Res. 340\/18<\/a><\/li>\n<li><a href=\"https:\/\/isfd804-chu.infd.edu.ar\/sitio\/wp-content\/uploads\/2020\/02\/Marco_referencial_de_capacidades.pdf\">Marco Referencial de <strong>Capacidades Profesionales<\/strong> de la Formaci\u00f3n Docente Inicial. Res 337\/18<\/a><\/li>\n<\/ul>\n<ul>\n<li><a href=\"https:\/\/drive.google.com\/file\/d\/10xmP18Iz4r2uyEKrzbg7o1d4gSEpvWwR\/view?usp=sharing\">Reglamento de <strong>Concursos<\/strong> a Horas C\u00e1tedras<\/a>.\n<ul>\n<li><a href=\"https:\/\/docs.google.com\/spreadsheets\/d\/1MalIHdl2ZYbfZsSPpzyNxd0IWH671LS2_nL00beJVzY\/edit#gid=210866212\">Grilla y Evaluaci\u00f3n.<\/a><\/li>\n<li><a href=\"https:\/\/drive.google.com\/file\/d\/1wj1bXhqa95Xclcu9KZnMHH5yljY4rCIS\/view?usp=sharing\">Requisitos y Normas de Presentaci\u00f3n.<\/a><\/li>\n<li><a href=\"https:\/\/docs.google.com\/spreadsheets\/d\/1mWGtRyPRc7QR1h9YzrIH3ybeTMYMAiTemggircNGF_w\/edit\">Modelo de presentaci\u00f3n de CV<\/a> (abrir el archivo y <strong>descargar<\/strong> una copia)<\/li>\n<\/ul>\n<\/li>\n<\/ul>\n<p><!--more--><\/p>\n","protected":false},"excerpt":{"rendered":"<p>Leyes &#8211;\u00a0Resoluciones &#8211;\u00a0Reglamentos A continuaci\u00f3n les brindamos acceso directo a la normativa (leyes resoluciones, disposiciones y dem\u00e1s) que enmarca la tarea institucional, en d\u00f3nde se establecen tiempos y procedimientos, as\u00ed como derechos y deberes de los actores institucionales: LEYES Ley N\u00b0 26.606 &#8211; Ley de Educaci\u00f3n Nacional Ley de Educaci\u00f3n de la Provincia del Chubut &#8230; <a title=\"Normativa\" class=\"read-more\" href=\"https:\/\/isfd804-chu.infd.edu.ar\/sitio\/normativa\/\" aria-label=\"More on Normativa\">[+]<\/a><\/p>\n","protected":false},"author":2410,"featured_media":0,"parent":0,"menu_order":0,"comment_status":"closed","ping_status":"closed","template":"","meta":[],"acf":[],"_links":{"self":[{"href":"https:\/\/isfd804-chu.infd.edu.ar\/sitio\/wp-json\/wp\/v2\/pages\/4120"}],"collection":[{"href":"https:\/\/isfd804-chu.infd.edu.ar\/sitio\/wp-json\/wp\/v2\/pages"}],"about":[{"href":"https:\/\/isfd804-chu.infd.edu.ar\/sitio\/wp-json\/wp\/v2\/types\/page"}],"author":[{"embeddable":true,"href":"https:\/\/isfd804-chu.infd.edu.ar\/sitio\/wp-json\/wp\/v2\/users\/2410"}],"replies":[{"embeddable":true,"href":"https:\/\/isfd804-chu.infd.edu.ar\/sitio\/wp-json\/wp\/v2\/comments?post=4120"}],"version-history":[{"count":33,"href":"https:\/\/isfd804-chu.infd.edu.ar\/sitio\/wp-json\/wp\/v2\/pages\/4120\/revisions"}],"predecessor-version":[{"id":5845,"href":"https:\/\/isfd804-chu.infd.edu.ar\/sitio\/wp-json\/wp\/v2\/pages\/4120\/revisions\/5845"}],"wp:attachment":[{"href":"https:\/\/isfd804-chu.infd.edu.ar\/sitio\/wp-json\/wp\/v2\/media?parent=4120"}],"curies":[{"name":"wp","href":"https:\/\/api.w.org\/{rel}","templated":true}]}}