{"id":2139,"date":"2019-04-28T17:35:35","date_gmt":"2019-04-28T20:35:35","guid":{"rendered":"https:\/\/isfd804-chu.infd.edu.ar\/sitio\/?page_id=2139"},"modified":"2021-04-03T11:14:30","modified_gmt":"2021-04-03T14:14:30","slug":"bedelia","status":"publish","type":"page","link":"https:\/\/isfd804-chu.infd.edu.ar\/sitio\/bedelia\/","title":{"rendered":"Bedel\u00eda"},"content":{"rendered":"<h2 style=\"text-align: center;\"><img decoding=\"async\" loading=\"lazy\" class=\"aligncenter wp-image-2945\" src=\"https:\/\/isfd804-chu.infd.edu.ar\/sitio\/wp-content\/uploads\/2020\/06\/oficina-estudiantes-concepto-regreso-escuela_41471-9381.jpeg\" alt=\"\" width=\"726\" height=\"166\" \/><\/h2>\n<h2 style=\"text-align: center;\">Gesti\u00f3n Administrativa de Trayectorias Acad\u00e9mica<\/h2>\n<h2>Son Funciones de la Bedel\u00eda:<\/h2>\n<p>Seg\u00fan articulo 40 del ROM<\/p>\n<ul>\n<li>Gestionar administrativamente las trayectorias formativas de los\/as estudiantes, organizar la inscripci\u00f3n a instancias curriculares, mesas de ex\u00e1menes; y pedidos de constancias o certificaciones<\/li>\n<li>Registrar en el Libro Matriz los datos de los\/as estudiantes y sus calificaciones.<\/li>\n<li>Acompa\u00f1ar y asistir a los\/as estudiantes en aspectos relacionados con su recorrido en la vida institucional.<\/li>\n<li>Informar a los\/as estudiantes sobre cuestiones administrativas, reglamentarias y acad\u00e9micas.<\/li>\n<li>Relevar, en conjunto con la Coordinaci\u00f3n de Pol\u00edticas Estudiantiles, datos estad\u00edsticos, manteniendo actualizada la informaci\u00f3n sobre las trayectorias acad\u00e9micas de estudiantes y graduados, conforme a las pautas establecidas para los legajos de estudiantes.<\/li>\n<li>Asistir y colaborar con el\/la Secretario\/a Administrativo\/a en las actividades que se enmarquen en su funci\u00f3n.<\/li>\n<li>Colaborar en la organizaci\u00f3n de las acciones desarrolladas por la Instituci\u00f3n, en el marco de sus funciones.<\/li>\n<li>Llevar a cabo acciones, en articulaci\u00f3n con el Equipo Directivo y en particular con el\/la Coordinador\/a de Pol\u00edticas Estudiantiles, para colaborar en la mejora del clima de convivencia institucional, en los mecanismos de participaci\u00f3n y en toda actividad que favorezca los fines institucionales.<\/li>\n<li>Colaborar con los\/as docentes en aquello que se le requiera, en el marco de sus funciones.<\/li>\n<li>Confeccionar y mantener actualizado los padrones de estudiantes y graduados.<\/li>\n<\/ul>\n<h4><\/h4>\n<h4>Acceso a las principales secciones<\/h4>\n<p><img decoding=\"async\" loading=\"lazy\" class=\"wp-image-2900 alignright\" src=\"https:\/\/isfd804-chu.infd.edu.ar\/sitio\/wp-content\/uploads\/2020\/05\/IC-RevistasElectronicas-2018-500x500.jpg\" alt=\"\" width=\"200\" height=\"130\" srcset=\"https:\/\/isfd804-chu.infd.edu.ar\/sitio\/wp-content\/uploads\/2020\/05\/IC-RevistasElectronicas-2018-1000x651.jpg 1000w, https:\/\/isfd804-chu.infd.edu.ar\/sitio\/wp-content\/uploads\/2020\/05\/IC-RevistasElectronicas-2018-768x500.jpg 768w, https:\/\/isfd804-chu.infd.edu.ar\/sitio\/wp-content\/uploads\/2020\/05\/IC-RevistasElectronicas-2018.jpg 1732w\" sizes=\"(max-width: 200px) 100vw, 200px\" \/><\/p>\n<ul>\n<li><a href=\"https:\/\/isfd804-chu.infd.edu.ar\/sitio\/mesas-de-examen\/\">Mesas de examen<\/a><\/li>\n<li><a href=\"https:\/\/isfd804-chu.infd.edu.ar\/sitio\/certificado-de-alumno-regular\/\">Certificado de Alumno Regular<\/a><\/li>\n<li><a href=\"https:\/\/isfd804-chu.infd.edu.ar\/sitio\/equivalencias\/\">Equivalencias<\/a><\/li>\n<li><a href=\"https:\/\/isfd804-chu.infd.edu.ar\/sitio\/inscripcion-a-cursada\/\">Inscripci\u00f3n a Cursada<\/a><\/li>\n<li>Inscripci\u00f3n a Carreras\u00a0(en construcci\u00f3n)<\/li>\n<li><a href=\"https:\/\/isfd804-chu.infd.edu.ar\/sitio\/formularios\/\">Formularios<\/a>\u00a0(Pendiente de actualizaci\u00f3n)<\/li>\n<li><a href=\"https:\/\/isfd804-chu.infd.edu.ar\/sitio\/normativa\/\">Normativa<\/a><\/li>\n<\/ul>\n<h3><\/h3>\n<h3><\/h3>\n<h3>Caja Curricular y r\u00e9gimen de correlatividades:<\/h3>\n<h4>Planes Nuevos<\/h4>\n<ul>\n<li><a href=\"https:\/\/drive.google.com\/file\/d\/1IjS2QA5izEYh4l3LPY2il_D8iawGnfYU\/view?usp=drivesdk\">PEE Intelectuales &#8211; plan 2017<\/a><\/li>\n<li><a href=\"https:\/\/drive.google.com\/file\/d\/1uM35RIw8Xsd2Bc9-M3jiPVnXKYDBUSQJ\/view?usp=drivesdk\">PES en Econom\u00eda &#8211; Plan 2019<\/a><\/li>\n<li><a href=\"https:\/\/drive.google.com\/file\/d\/1MVgV79Opfz4x7bHnfbI1UqecRtJ7ZNED\/view?usp=drivesdk\">PES en F\u00edsica &#8211; Plan 2019<\/a><\/li>\n<li><a href=\"https:\/\/drive.google.com\/file\/d\/1Impm3FB5xI9mkCChu1kYG8pRKNPkPmuw\/view?usp=drivesdk\">PES en Matem\u00e1tica- Plan 2019<\/a><\/li>\n<li><a href=\"https:\/\/drive.google.com\/file\/d\/1PlE8tl0fQHlmQmwj6sh4UP4VXdck_Twu\/view?usp=drivesdk\">PES en Qu\u00edmica &#8211; Plan 2019<\/a><\/li>\n<li><a href=\"https:\/\/drive.google.com\/file\/d\/1f9xmh6ytktI-X6eO3utoWjk4Nsp3Uilt\/view?usp=drivesdk\">PEE Sordos e Hipoac\u00fasicos<\/a><\/li>\n<\/ul>\n<h4>Planes Viejos<\/h4>\n<ul>\n<li><a href=\"https:\/\/drive.google.com\/file\/d\/1LdkyW5X2MmZuAzu5kp_RKaQTSp3qDF2X\/view?usp=drivesdk\">PEE Intelectuales &#8211; plan 2014<\/a><\/li>\n<li><a href=\"https:\/\/drive.google.com\/file\/d\/1Ifwy-sKlkdPg8eThowVbhzpKsr63vUy6\/view?usp=drivesdk\">PES en F\u00edsica &#8211; Plan 2014<\/a><\/li>\n<li><a href=\"https:\/\/drive.google.com\/file\/d\/1aUh_Xat4896CuEDNt559NQPZRrgOlzAW\/view?usp=drivesdk\">PES en Matem\u00e1tica- Plan 2014<\/a><\/li>\n<li><a href=\"https:\/\/drive.google.com\/file\/d\/1iMWdQHlIKrjVbadgo5Zif2L-Voro989e\/view?usp=drivesdk\">PES en Qu\u00edmica &#8211; Plan 2014<\/a><\/li>\n<\/ul>\n<p>NOTA: para ver los dise\u00f1os curriculares de todas las carreras, ir a la secci\u00f3n <a href=\"https:\/\/isfd804-chu.infd.edu.ar\/sitio\/nuestras-ofertas\/\">nuestras ofertas<\/a><\/p>\n<p>&nbsp;<\/p>\n","protected":false},"excerpt":{"rendered":"<p>Gesti\u00f3n Administrativa de Trayectorias Acad\u00e9mica Son Funciones de la Bedel\u00eda: Seg\u00fan articulo 40 del ROM Gestionar administrativamente las trayectorias formativas de los\/as estudiantes, organizar la inscripci\u00f3n a instancias curriculares, mesas de ex\u00e1menes; y pedidos de constancias o certificaciones Registrar en el Libro Matriz los datos de los\/as estudiantes y sus calificaciones. Acompa\u00f1ar y asistir a &#8230; <a title=\"Bedel\u00eda\" class=\"read-more\" href=\"https:\/\/isfd804-chu.infd.edu.ar\/sitio\/bedelia\/\" aria-label=\"More on Bedel\u00eda\">[+]<\/a><\/p>\n","protected":false},"author":2747,"featured_media":0,"parent":0,"menu_order":0,"comment_status":"closed","ping_status":"closed","template":"","meta":[],"acf":[],"_links":{"self":[{"href":"https:\/\/isfd804-chu.infd.edu.ar\/sitio\/wp-json\/wp\/v2\/pages\/2139"}],"collection":[{"href":"https:\/\/isfd804-chu.infd.edu.ar\/sitio\/wp-json\/wp\/v2\/pages"}],"about":[{"href":"https:\/\/isfd804-chu.infd.edu.ar\/sitio\/wp-json\/wp\/v2\/types\/page"}],"author":[{"embeddable":true,"href":"https:\/\/isfd804-chu.infd.edu.ar\/sitio\/wp-json\/wp\/v2\/users\/2747"}],"replies":[{"embeddable":true,"href":"https:\/\/isfd804-chu.infd.edu.ar\/sitio\/wp-json\/wp\/v2\/comments?post=2139"}],"version-history":[{"count":52,"href":"https:\/\/isfd804-chu.infd.edu.ar\/sitio\/wp-json\/wp\/v2\/pages\/2139\/revisions"}],"predecessor-version":[{"id":4194,"href":"https:\/\/isfd804-chu.infd.edu.ar\/sitio\/wp-json\/wp\/v2\/pages\/2139\/revisions\/4194"}],"wp:attachment":[{"href":"https:\/\/isfd804-chu.infd.edu.ar\/sitio\/wp-json\/wp\/v2\/media?parent=2139"}],"curies":[{"name":"wp","href":"https:\/\/api.w.org\/{rel}","templated":true}]}}