{"id":1634,"date":"2018-08-30T13:27:02","date_gmt":"2018-08-30T16:27:02","guid":{"rendered":"https:\/\/isfd804-chu.infd.edu.ar\/sitio\/en-foco-etp-capacitaciones-inet\/"},"modified":"2023-12-01T19:41:54","modified_gmt":"2023-12-01T22:41:54","slug":"conferenciasypublicacionesentiemposdepandemia","status":"publish","type":"page","link":"https:\/\/isfd804-chu.infd.edu.ar\/sitio\/conferenciasypublicacionesentiemposdepandemia\/","title":{"rendered":"La formaci\u00f3n docente y sus transversales &#8211; ESI \/ EAI"},"content":{"rendered":"<p><img decoding=\"async\" loading=\"lazy\" class=\"wp-image-5552 aligncenter\" src=\"https:\/\/isfd804-chu.infd.edu.ar\/sitio\/wp-content\/uploads\/2023\/11\/proyecto-educativo-iconos_9-1.png\" alt=\"\" width=\"212\" height=\"212\"><\/p>\n<h2>Educaci\u00f3n Ambiental Integral<\/h2>\n\n\n<p><strong>Ley 27621<\/strong> &#8211; <strong>LEY PARA LA IMPLEMENTACI\u00d3N DE LA EDUCACI\u00d3N AMBIENTAL INTEGRAL EN LA REP\u00daBLICA ARGENTINA<\/strong><\/p>\n\n\n\n<p>Art\u00edculo 2\u00ba- A los efectos de la presente ley, se establecen las siguientes definiciones:<\/p>\n\n\n\n<p>Educaci\u00f3n Ambiental Integral (EAI): es un proceso educativo permanente con contenidos tem\u00e1ticos espec\u00edficos y transversales, que tiene como prop\u00f3sito general la formaci\u00f3n de una conciencia ambiental, a la que articulan e impulsan procesos educativos integrales orientados a la construcci\u00f3n de una racionalidad, en la cual distintos conocimientos, saberes, valores y pr\u00e1cticas confluyan y aporten a la formaci\u00f3n ciudadana y al ejercicio del derecho a un ambiente sano, digno y diverso. Se trata de un proceso que defiende la sustentabilidad como proyecto social, el desarrollo con justicia social, la distribuci\u00f3n de la riqueza, preservaci\u00f3n de la naturaleza, igualdad de g\u00e9nero, protecci\u00f3n de la salud, democracia participativa y respeto por la diversidad cultural. Busca el equilibrio entre diversas dimensiones como la social, la ecol\u00f3gica, la pol\u00edtica y la econ\u00f3mica, en el marco de una \u00e9tica que promueve una nueva forma de habitar nuestra casa com\u00fan.<\/p>\n\n\n\n<p>MAYOR INFORMACI\u00d3N <a href=\"https:\/\/www.argentina.gob.ar\/ambiente\/educacion-ambiental\/ley-de-educacion-ambiental-integral-0\">https:\/\/www.argentina.gob.ar\/ambiente\/educacion-ambiental\/ley-de-educacion-ambiental-integral-0<\/a><\/p>\n\n\n\n<hr class=\"wp-block-separator has-alpha-channel-opacity\"\/>\n\n\n\n<p><\/p>\n\n\n\n<h2 class=\"wp-block-heading\">Educaci\u00f3n Sexual Integral<\/h2>\n\n\n\n<p><strong>Ley 26.150 &#8211; Programa de Educaci\u00f3n Sexual Integral<\/strong><\/p>\n\n\n\n<p><strong>ARTICULO 1\u00ba&nbsp;<\/strong>\u2014 Todos los educandos tienen derecho a recibir educaci\u00f3n sexual integral en los establecimientos educativos p\u00fablicos, de gesti\u00f3n estatal y privada de las jurisdicciones nacional, provincial, de la Ciudad Aut\u00f3noma de Buenos Aires y municipal. A los efectos de esta ley, enti\u00e9ndase como educaci\u00f3n sexual integral la que articula aspectos biol\u00f3gicos, psicol\u00f3gicos, sociales, afectivos y \u00e9ticos.<\/p>\n\n\n\n<p><a href=\"https:\/\/www.argentina.gob.ar\/educacion\/esi\">https:\/\/www.argentina.gob.ar\/educacion\/esi<\/a><\/p>\n","protected":false},"excerpt":{"rendered":"<p>Educaci\u00f3n Ambiental Integral Ley 27621 &#8211; LEY PARA LA IMPLEMENTACI\u00d3N DE LA EDUCACI\u00d3N AMBIENTAL INTEGRAL EN LA REP\u00daBLICA ARGENTINA Art\u00edculo 2\u00ba- A los efectos de la presente ley, se establecen las siguientes definiciones: Educaci\u00f3n Ambiental Integral (EAI): es un proceso educativo permanente con contenidos tem\u00e1ticos espec\u00edficos y transversales, que tiene como prop\u00f3sito general la formaci\u00f3n &#8230; <a title=\"La formaci\u00f3n docente y sus transversales &#8211; ESI \/ EAI\" class=\"read-more\" href=\"https:\/\/isfd804-chu.infd.edu.ar\/sitio\/conferenciasypublicacionesentiemposdepandemia\/\" aria-label=\"More on La formaci\u00f3n docente y sus transversales &#8211; ESI \/ EAI\">[+]<\/a><\/p>\n","protected":false},"author":2581,"featured_media":0,"parent":0,"menu_order":0,"comment_status":"closed","ping_status":"closed","template":"","meta":[],"acf":[],"_links":{"self":[{"href":"https:\/\/isfd804-chu.infd.edu.ar\/sitio\/wp-json\/wp\/v2\/pages\/1634"}],"collection":[{"href":"https:\/\/isfd804-chu.infd.edu.ar\/sitio\/wp-json\/wp\/v2\/pages"}],"about":[{"href":"https:\/\/isfd804-chu.infd.edu.ar\/sitio\/wp-json\/wp\/v2\/types\/page"}],"author":[{"embeddable":true,"href":"https:\/\/isfd804-chu.infd.edu.ar\/sitio\/wp-json\/wp\/v2\/users\/2581"}],"replies":[{"embeddable":true,"href":"https:\/\/isfd804-chu.infd.edu.ar\/sitio\/wp-json\/wp\/v2\/comments?post=1634"}],"version-history":[{"count":11,"href":"https:\/\/isfd804-chu.infd.edu.ar\/sitio\/wp-json\/wp\/v2\/pages\/1634\/revisions"}],"predecessor-version":[{"id":5621,"href":"https:\/\/isfd804-chu.infd.edu.ar\/sitio\/wp-json\/wp\/v2\/pages\/1634\/revisions\/5621"}],"wp:attachment":[{"href":"https:\/\/isfd804-chu.infd.edu.ar\/sitio\/wp-json\/wp\/v2\/media?parent=1634"}],"curies":[{"name":"wp","href":"https:\/\/api.w.org\/{rel}","templated":true}]}}