{"id":1632,"date":"2018-08-30T13:27:01","date_gmt":"2018-08-30T16:27:01","guid":{"rendered":"https:\/\/isfd804-chu.infd.edu.ar\/sitio\/lineas-de-accion-2018-de-investigacion\/"},"modified":"2018-08-30T13:27:01","modified_gmt":"2018-08-30T16:27:01","slug":"lineas-de-accion-2018-de-investigacion","status":"publish","type":"page","link":"https:\/\/isfd804-chu.infd.edu.ar\/sitio\/lineas-de-accion-2018-de-investigacion\/","title":{"rendered":"L\u00cdNEAS DE ACCI\u00d3N 2018 DE INVESTIGACI\u00d3N"},"content":{"rendered":"<p style=\"text-align: center;\"><img decoding=\"async\" src=\"https:\/\/isfd804-chu.infd.edu.ar\/sitio\/wp-content\/uploads\/2018\/08\/1anxD8sZVXxgbimagen_incrustada1.png\" border=\"0\"><\/p>\n<p style=\"text-align: center;\"><span style=\"text-decoration: underline; font-size: 14pt;\"><strong>L&Iacute;NEAS DE ACCI&Oacute;N 2018 JURISDICCIONALES<\/strong><\/span><\/p>\n<p style=\"text-align: justify;\">Estas propuestas de trabajo fueron consensuadas en la &uacute;ltima reuni&oacute;n del Equipo Jurisdiccional de Investigaci&oacute;n (EJI) en noviembre de 2017. El EJI est&aacute; formado por todos los Coordinadores de Investigaci&oacute;n de los Institutos de la provincia y es coordinado por el Referente Jurisdiccional de Investigaci&oacute;n.<\/p>\n<p style=\"text-align: justify;\">Para el caso del presente per&iacute;odo lectivo, las Acciones acordadas, sin dejar de lado las iniciativas particulares de cada Instituto, giran alrededor de las tareas de Visibilizaci&oacute;n, Acceso, Puesta en Valor y Publicaci&oacute;n de las producciones en Investigaci&oacute;n que se cuentan desde hace m&aacute;s de una d&eacute;cada en los Institutos Superiores de Formaci&oacute;n Docente de nuestra provincia.<\/p>\n<p style=\"text-align: justify;\">M&aacute;s all&aacute; de la responsabilidad que nos cabe como Coordinadores de Investigaci&oacute;n en estas tareas jurisdiccionales, invitamos a todos aquellos docentes interesados en sumarse a alguna de las Acciones Jurisdiccionales (por su formaci&oacute;n, experiencia o simplement deseos de colaborar y aprender)<\/p>\n<p style=\"text-align: justify;\">Como siempre pueden comunicarse al equipo directivo del ISFD 804, o bien directamente al correo del Coordiniador de Investigaci&oacute;n:<strong> Dr. Juan Manuel Mart&iacute;nez<\/strong> (<strong><span style=\"color: #0000ff;\">caviajuan@gmail.com<\/span><\/strong>)<\/p>\n<p style=\"text-align: center;\">ESPERAMOS SU CONTRIBUCI&Oacute;N A ESTA FUNCI&Oacute;N \u00abSILENCIOSA\u00bb PERO NECESARIA DE LA FORMACI&Oacute;N DOCENTE<\/p>\n<p style=\"text-align: center;\"><span style=\"font-family: verdana, geneva, sans-serif; font-size: 10pt; background-color: #ffffff; color: #993300;\"><em><strong><a style=\"color: #993300;\" title=\"LINEAS DE ACCI&Oacute;N 2018_ INVESTIGACI&Oacute;N\" href=\"upload\/LINEAS_DE_ACCION_2018__DOCUMENTO_FINAL.pdf\" target=\"_blank\">Descargar aqu&iacute; documento de ACCIONES JURISDICCIONALES<\/a><\/strong><\/em><\/span><\/p>\n<p style=\"text-align: center;\">&nbsp;<\/p>\n<p style=\"text-align: center;\"><span style=\"text-decoration: underline;\"><span style=\"font-family: verdana, geneva, sans-serif; font-size: 14pt; background-color: #ffffff; color: #000000; text-decoration: underline;\"><strong>L&Iacute;NEAS DE ACCI&Oacute;N 2018 INSTITUCIONALES&nbsp;<\/strong><\/span><\/span><\/p>\n<p style=\"text-align: center;\"><span style=\"font-family: verdana, geneva, sans-serif; font-size: 10pt; background-color: #ffffff; color: #0000ff;\"><em><strong>Pr&oacute;ximamente daremos a conocer las Acciones Espec&iacute;ficas que se llevar&aacute;n a cabo en nuestro Instituto<\/strong><\/em><\/span><\/p>\n<p style=\"text-align: center;\">&nbsp;<\/p><\/p>\n","protected":false},"excerpt":{"rendered":"<p>L&Iacute;NEAS DE ACCI&Oacute;N 2018 JURISDICCIONALES Estas propuestas de trabajo fueron consensuadas en la &uacute;ltima reuni&oacute;n del Equipo Jurisdiccional de Investigaci&oacute;n (EJI) en noviembre de 2017. El EJI est&aacute; formado por todos los Coordinadores de Investigaci&oacute;n de los Institutos de la provincia y es coordinado por el Referente Jurisdiccional de Investigaci&oacute;n. Para el caso del presente &#8230; <a title=\"L\u00cdNEAS DE ACCI\u00d3N 2018 DE INVESTIGACI\u00d3N\" class=\"read-more\" href=\"https:\/\/isfd804-chu.infd.edu.ar\/sitio\/lineas-de-accion-2018-de-investigacion\/\" aria-label=\"More on L\u00cdNEAS DE ACCI\u00d3N 2018 DE INVESTIGACI\u00d3N\">[+]<\/a><\/p>\n","protected":false},"author":2752,"featured_media":0,"parent":0,"menu_order":0,"comment_status":"closed","ping_status":"closed","template":"","meta":[],"acf":[],"_links":{"self":[{"href":"https:\/\/isfd804-chu.infd.edu.ar\/sitio\/wp-json\/wp\/v2\/pages\/1632"}],"collection":[{"href":"https:\/\/isfd804-chu.infd.edu.ar\/sitio\/wp-json\/wp\/v2\/pages"}],"about":[{"href":"https:\/\/isfd804-chu.infd.edu.ar\/sitio\/wp-json\/wp\/v2\/types\/page"}],"author":[{"embeddable":true,"href":"https:\/\/isfd804-chu.infd.edu.ar\/sitio\/wp-json\/wp\/v2\/users\/2752"}],"replies":[{"embeddable":true,"href":"https:\/\/isfd804-chu.infd.edu.ar\/sitio\/wp-json\/wp\/v2\/comments?post=1632"}],"version-history":[{"count":0,"href":"https:\/\/isfd804-chu.infd.edu.ar\/sitio\/wp-json\/wp\/v2\/pages\/1632\/revisions"}],"wp:attachment":[{"href":"https:\/\/isfd804-chu.infd.edu.ar\/sitio\/wp-json\/wp\/v2\/media?parent=1632"}],"curies":[{"name":"wp","href":"https:\/\/api.w.org\/{rel}","templated":true}]}}