{"id":1600,"date":"2018-08-30T13:26:50","date_gmt":"2018-08-30T16:26:50","guid":{"rendered":"https:\/\/isfd804-chu.infd.edu.ar\/sitio\/en-que-consiste-el-dispositivo\/"},"modified":"2025-08-13T21:57:24","modified_gmt":"2025-08-14T00:57:24","slug":"en-que-consiste-el-dispositivo","status":"publish","type":"page","link":"https:\/\/isfd804-chu.infd.edu.ar\/sitio\/en-que-consiste-el-dispositivo\/","title":{"rendered":"En qu\u00e9 consiste el dispositivo?"},"content":{"rendered":"<p style=\"text-align: center;\"><strong>EVALUACI\u00d3<\/strong><strong>N DE INGRESO A CARRERAS TERCIARIAS A MAYORES DE 25 A\u00d1OS SIN TITULO SECUNDARIO, MEDIO Y\/O\u00a0<\/strong><strong>POLI<\/strong><strong>M<\/strong><strong>ODA<\/strong><strong>L<\/strong><\/p>\n<p>La evaluaci\u00f3n anual a mayores de 25 a\u00f1os, se desarrolla en Chubut desde 2001 hasta la actualidad y permite el ingreso a las carreras de los Institutos de Educaci\u00f3n Superior, a Mayores de 25 a\u00f1os sin estudios de Nivel Secundario, Medio y\/o Polimodal.<\/p>\n<p>Esta instancia se enmarca en lo establecido en la Ley Nacional de Educaci\u00f3n N\u00ba\u00a026.206 y la Ley Nacional de Educaci\u00f3n Superior N\u00ba 24.521, el examen no proporciona un t\u00edtulo secundario sino que abre la puerta para iniciar una carrera superior y profesionalizarse.<\/p>\n<p>En Chubut, a trav\u00e9s del Ministerio de Educaci\u00f3n, la evaluaci\u00f3n est\u00e1 a cargo de\u00a0la Direcci\u00f3n General de Educaci\u00f3n Superior en conjunto con la Direcci\u00f3n General de \u00a0Educaci\u00f3n Privada, es \u00a0por\u00a0 ello \u00a0que las instituciones bajo\u00a0 sus dependencias deben incluirla en su vida institucional.<\/p>\n<p>Para que el examen sea m\u00e1s constructivo y abarcativo, y se convierta en algo m\u00e1s que una instancia evaluativa, se establecieron cinco sedes provinciales donde referirse y acceder al apoyo escolar, gu\u00eda y materiales de estudio, como as\u00ed tambi\u00e9n contenci\u00f3n y orientaci\u00f3n vocacional.<\/p>\n<p>\u00c1reas a rendir: Lengua, Ciencias Naturales, Formaci\u00f3n \u00e9tica y Ciudadana,\u00a0Ciencias Sociales<\/p>\n<p>Consultas y tutor\u00edas:<\/p>\n<p>Las\/os profesoras\/es est\u00e1n en los siguientes\u00a0horarios:<\/p>\n<p><strong>Ciencias sociales: Patricia Lino &#8211; Martes 18 a 20 hs.<\/strong><\/p>\n<p><strong>Lengua: Aldana Roberts &#8211; Lunes 18 a 20 hs.<\/strong><\/p>\n<p><strong>Ciencias naturales: Sof\u00eda L\u00f3pez &#8211; Martes de 19.30 a 21.30 hs.<\/strong><\/p>\n<p><strong>Formaci\u00f3n \u00e9tica y ciudadana: Lorena Anderson &#8211; Mi\u00e9rcoles 20 a 22 hs.<\/strong><\/p>\n<p><strong>T<\/strong><strong>E ESPERAMOS!!!<\/strong><\/p>\n","protected":false},"excerpt":{"rendered":"<p>EVALUACI\u00d3N DE INGRESO A CARRERAS TERCIARIAS A MAYORES DE 25 A\u00d1OS SIN TITULO SECUNDARIO, MEDIO Y\/O\u00a0POLIMODAL La evaluaci\u00f3n anual a mayores de 25 a\u00f1os, se desarrolla en Chubut desde 2001 hasta la actualidad y permite el ingreso a las carreras de los Institutos de Educaci\u00f3n Superior, a Mayores de 25 a\u00f1os sin estudios de Nivel &#8230; <a title=\"En qu\u00e9 consiste el dispositivo?\" class=\"read-more\" href=\"https:\/\/isfd804-chu.infd.edu.ar\/sitio\/en-que-consiste-el-dispositivo\/\" aria-label=\"More on En qu\u00e9 consiste el dispositivo?\">[+]<\/a><\/p>\n","protected":false},"author":2752,"featured_media":0,"parent":0,"menu_order":0,"comment_status":"closed","ping_status":"closed","template":"","meta":[],"acf":[],"_links":{"self":[{"href":"https:\/\/isfd804-chu.infd.edu.ar\/sitio\/wp-json\/wp\/v2\/pages\/1600"}],"collection":[{"href":"https:\/\/isfd804-chu.infd.edu.ar\/sitio\/wp-json\/wp\/v2\/pages"}],"about":[{"href":"https:\/\/isfd804-chu.infd.edu.ar\/sitio\/wp-json\/wp\/v2\/types\/page"}],"author":[{"embeddable":true,"href":"https:\/\/isfd804-chu.infd.edu.ar\/sitio\/wp-json\/wp\/v2\/users\/2752"}],"replies":[{"embeddable":true,"href":"https:\/\/isfd804-chu.infd.edu.ar\/sitio\/wp-json\/wp\/v2\/comments?post=1600"}],"version-history":[{"count":6,"href":"https:\/\/isfd804-chu.infd.edu.ar\/sitio\/wp-json\/wp\/v2\/pages\/1600\/revisions"}],"predecessor-version":[{"id":6094,"href":"https:\/\/isfd804-chu.infd.edu.ar\/sitio\/wp-json\/wp\/v2\/pages\/1600\/revisions\/6094"}],"wp:attachment":[{"href":"https:\/\/isfd804-chu.infd.edu.ar\/sitio\/wp-json\/wp\/v2\/media?parent=1600"}],"curies":[{"name":"wp","href":"https:\/\/api.w.org\/{rel}","templated":true}]}}