{"id":1596,"date":"2018-08-30T13:26:49","date_gmt":"2018-08-30T16:26:49","guid":{"rendered":"https:\/\/isfd804-chu.infd.edu.ar\/sitio\/consejo-institucional\/"},"modified":"2024-11-12T20:15:05","modified_gmt":"2024-11-12T23:15:05","slug":"consejo-institucional","status":"publish","type":"page","link":"https:\/\/isfd804-chu.infd.edu.ar\/sitio\/consejo-institucional\/","title":{"rendered":"Consejo Institucional"},"content":{"rendered":"<p><img decoding=\"async\" loading=\"lazy\" style=\"float: right;\" title=\"\" src=\"https:\/\/isfd804-chu.infd.edu.ar\/sitio\/wp-content\/uploads\/2018\/08\/Logo_chico_25_anios.jpg\" alt=\"\" width=\"114\" height=\"102\" border=\"0\" \/><\/p>\n<p><strong>CONFORMACI\u00d3N DEL CONSEJO INSTITUCIONAL<\/strong><\/p>\n<p>El ROM establece en su art\u00edculo\u00a028\u00b0<strong>: \u00ab<\/strong>Conforman el Consejo Institucional: el\/la Director\/a, el\/la Vicedirector\/a, el\/la Secretario\/a Acad\u00e9mico\/a, los\/as representantes de los estamentos docentes, graduados, estudiantes y otros estamentos institucionales que puede especificar cada ROI.<\/p>\n<p class=\"Normal1\">La mitad m\u00e1s uno del total de los miembros corresponder\u00e1 a los\/as docentes,\u00a0y se garantizar\u00e1 la representaci\u00f3n de las diferentes carreras que se dicten en el Instituto de Educaci\u00f3n Superior. El n\u00famero total de miembros integrantes del Consejo Institucional no exceder\u00e1 de 15 consejeros\/as y ser\u00e1 siempre un n\u00famero impar de integrantes. El cargo de consejero\/a es electivo, temporario y su desempe\u00f1o \u201cad-honorem\u201d. La presidencia ser\u00e1 ejercida por el\/la Director\/a. Todos\/as los\/as integrantes presentes del Consejo Institucional tendr\u00e1n voz y voto. En caso de empate, prevalece el voto de quien presida la sesi\u00f3n del Consejo\u00bb.<\/p>\n<p>A tal efecto, es conformada una Junta Electoral quien llevar\u00e1 adelante este proceso.<br \/>\nEn paralelo, el equipo directivo reenv\u00eda \u00a0convocatoria de la Junta para las postulaciones de quienes est\u00e9n interesados en ocupar un cargo de Consejero. Las funciones de los consejeros y requisitos para serlo est\u00e1n detalladas en el art 32 y 33 del ROM.<\/p>\n<ul>\n<li>El Consejo Institucional del instituto, de acuerdo a las elecciones realizadas en <strong>Octubre de 2015<\/strong>, queda conformado por los siguientes miembros:\n<ul>\n<li>Representantes de docentes: Juan Pablo Aguggia &#8211; Cecilia Firmenich- Ismael Forti &#8211; Leticia Ot\u00e1rola\u00a0 Mariana Ferrari- Virginia Ret- Pedro Di Santo<\/li>\n<li>Representantes de estudiantes: Laura Aguila &#8211; Mar\u00eda Bel\u00e9n Macayo Camba- Alex Calfup\u00e1n &#8211; Marilina Beigpregone<\/li>\n<li>Representantes de graduados: Carlos Sisevich<\/li>\n<li>Equipo Directivo: Susana Elosegui &#8211; Patricia Urrutia &#8211; Natalia Albarracin<\/li>\n<\/ul>\n<\/li>\n<li>El Consejo Institucional del instituto, de acuerdo a las elecciones realizadas en <strong>noviembre de 2018<\/strong>, queda conformado por los siguientes miembros:\n<ul>\n<li>Representantes de docentes: Mar\u00eda Elena Tiscornia &#8211; Elias Gonz\u00e1lez Iba\u00f1ez &#8211; Mercedes Parietti &#8211; Andr\u00e9s Masip &#8211; Sofia L\u00f3pez &#8211; Carolina Dibbo &#8211; Fernando Zea<\/li>\n<li>Representantes de estudiantes: Solange Cottet &#8211; Leandro Maciel &#8211; Graciela Machado &#8211; Jonathan Lefi\u00f1ir<\/li>\n<li>Representantes de graduados: Giselle Barrios<\/li>\n<li>Equipo Directivo:\n<ul>\n<li>Susana Elosegui &#8211; Patricia Urrutia &#8211; Natalia Albarracin (hasta fines de 2019)<\/li>\n<li>Mariana Ferrari &#8211; Juan Pablo Aguggia &#8211; Mercedes Parietti<\/li>\n<\/ul>\n<\/li>\n<\/ul>\n<\/li>\n<\/ul>\n<ul>\n<li>El Consejo Institucional del instituto, de acuerdo a las elecciones realizadas en <strong>noviembre de 2021<\/strong>, queda conformado por los siguientes miembros:\n<ul>\n<li><strong>Representantes de docentes<\/strong>:\n<ul>\n<li>Sede Esquel: Prof. Luciana Milano &#8211; Prof. Jos\u00e9 Luis G\u00f3mez<\/li>\n<li>Anexo Trevelin: Prof. Laura Forti &#8211; Prof. Viviana Azpelicueta<\/li>\n<li>Anexo El Mait\u00e9n: Prof. Fernando Zea &#8211; Lic. Guadalupe Guzm\u00e1n<\/li>\n<li>Suplentes: Prof. Alejandro Torres<\/li>\n<\/ul>\n<\/li>\n<li><strong>Representantes de estudiantes<\/strong>:\n<ul>\n<li>Sede Esquel: Candelaria Pipig<\/li>\n<li>Suplentes: Sheila Reyes Jones &#8211; Nadia Galeano &#8211; Denisa Mart\u00ednez<\/li>\n<\/ul>\n<\/li>\n<li><strong>Representantes de graduados<\/strong>:\n<ul>\n<li>Anexo Trevelin:\u00a0 Paula Barrientos<\/li>\n<li>Suplentes: Ail\u00edn Pereza<\/li>\n<\/ul>\n<\/li>\n<li><strong>Equipo Directivo<\/strong>:\n<ul>\n<li><strong>Directora:<\/strong> Lic. y Prof. Daysi Cergneux &#8211;\u00a0<strong>Vicedirector:<\/strong> Cr. y Prof. Gast\u00f3n Brina &#8211; <strong>Secretaria Acad\u00e9mica<\/strong>: Diana Carrizo<\/li>\n<\/ul>\n<\/li>\n<\/ul>\n<\/li>\n<li>El Consejo Institucional del instituto, de acuerdo a las elecciones realizadas en <strong>Diciembre de 2023<\/strong>, queda conformado por los siguientes miembros:\n<ul>\n<li>Representantes de docentes: Carolina Kexper &#8211;\u00a0 Carlos Manz &#8211; Carolina Sena &#8211; Federico Rodr\u00edguez &#8211; Carolina Toledo<\/li>\n<li>Representantes de estudiantes: Griselda Fuentes &#8211;\u00a0 Facundo Mart\u00edn &#8211; Juli\u00e1n Morales &#8211; Nicol\u00e1s Troncoso<\/li>\n<li>Representantes de graduados: Karen Arbe<\/li>\n<li>Equipo Directivo: Gustavo Reguilo &#8211; Diana Carrizo &#8211; Luciana Milano<\/li>\n<\/ul>\n<\/li>\n<\/ul>\n<h5>Documentaci\u00f3n asociada a la conformaci\u00f3n al Consejo Institucional<\/h5>\n<p><a href=\"https:\/\/isfd804-chu.infd.edu.ar\/sitio\/wp-content\/uploads\/2018\/12\/Resoluci%C3%B3n-N%C2%B0-02_18.pdf\">Resoluci\u00f3n 02\/18<\/a><\/p>\n<p><a href=\"https:\/\/isfd804-chu.infd.edu.ar\/sitio\/wp-content\/uploads\/2018\/12\/Resoluci\u00f3n-N\u00b0-03_18.pdf\">Resoluci\u00f3n N\u00b0 03_18<\/a><\/p>\n<p><a href=\"https:\/\/isfd804-chu.infd.edu.ar\/sitio\/wp-content\/uploads\/2018\/12\/Resoluci\u00f3n-N\u00b0-04_18.pdf\">Resoluci\u00f3n N\u00b0 04_18<\/a><\/p>\n","protected":false},"excerpt":{"rendered":"<p>CONFORMACI\u00d3N DEL CONSEJO INSTITUCIONAL El ROM establece en su art\u00edculo\u00a028\u00b0: \u00abConforman el Consejo Institucional: el\/la Director\/a, el\/la Vicedirector\/a, el\/la Secretario\/a Acad\u00e9mico\/a, los\/as representantes de los estamentos docentes, graduados, estudiantes y otros estamentos institucionales que puede especificar cada ROI. La mitad m\u00e1s uno del total de los miembros corresponder\u00e1 a los\/as docentes,\u00a0y se garantizar\u00e1 la representaci\u00f3n &#8230; <a title=\"Consejo Institucional\" class=\"read-more\" href=\"https:\/\/isfd804-chu.infd.edu.ar\/sitio\/consejo-institucional\/\" aria-label=\"More on Consejo Institucional\">[+]<\/a><\/p>\n","protected":false},"author":2752,"featured_media":0,"parent":0,"menu_order":0,"comment_status":"closed","ping_status":"closed","template":"","meta":[],"acf":[],"_links":{"self":[{"href":"https:\/\/isfd804-chu.infd.edu.ar\/sitio\/wp-json\/wp\/v2\/pages\/1596"}],"collection":[{"href":"https:\/\/isfd804-chu.infd.edu.ar\/sitio\/wp-json\/wp\/v2\/pages"}],"about":[{"href":"https:\/\/isfd804-chu.infd.edu.ar\/sitio\/wp-json\/wp\/v2\/types\/page"}],"author":[{"embeddable":true,"href":"https:\/\/isfd804-chu.infd.edu.ar\/sitio\/wp-json\/wp\/v2\/users\/2752"}],"replies":[{"embeddable":true,"href":"https:\/\/isfd804-chu.infd.edu.ar\/sitio\/wp-json\/wp\/v2\/comments?post=1596"}],"version-history":[{"count":16,"href":"https:\/\/isfd804-chu.infd.edu.ar\/sitio\/wp-json\/wp\/v2\/pages\/1596\/revisions"}],"predecessor-version":[{"id":5926,"href":"https:\/\/isfd804-chu.infd.edu.ar\/sitio\/wp-json\/wp\/v2\/pages\/1596\/revisions\/5926"}],"wp:attachment":[{"href":"https:\/\/isfd804-chu.infd.edu.ar\/sitio\/wp-json\/wp\/v2\/media?parent=1596"}],"curies":[{"name":"wp","href":"https:\/\/api.w.org\/{rel}","templated":true}]}}