{"id":1592,"date":"2018-08-30T13:26:47","date_gmt":"2018-08-30T16:26:47","guid":{"rendered":"https:\/\/isfd804-chu.infd.edu.ar\/sitio\/prof-sordos-e-hip\/"},"modified":"2023-10-23T21:45:53","modified_gmt":"2023-10-24T00:45:53","slug":"prof-sordos-e-hip","status":"publish","type":"page","link":"https:\/\/isfd804-chu.infd.edu.ar\/sitio\/prof-sordos-e-hip\/","title":{"rendered":"Tecnicatura Superior en Gesti\u00f3n Administrativa Orientada a la Producci\u00f3n"},"content":{"rendered":"<p><a href=\"https:\/\/drive.google.com\/file\/d\/17RY96yMjVvHPnkH2OZ-54KVArNIYqGLU\/view?usp=share_link\">Dise\u00f1o curricular de la Tecnicatura Superior en Gesti\u00f3n Administrativa Orientada a la Producci\u00f3n\u00a0<\/a><\/p>\n<p>Tecnicatura Superior en Gesti\u00f3n Administrativa Orientada a la Producci\u00f3n Resoluci\u00f3n 409\/18.<\/p>\n<hr \/>\n","protected":false},"excerpt":{"rendered":"<p>Dise\u00f1o curricular de la Tecnicatura Superior en Gesti\u00f3n Administrativa Orientada a la Producci\u00f3n\u00a0 Tecnicatura Superior en Gesti\u00f3n Administrativa Orientada a la Producci\u00f3n Resoluci\u00f3n 409\/18.<\/p>\n","protected":false},"author":2752,"featured_media":0,"parent":0,"menu_order":0,"comment_status":"closed","ping_status":"closed","template":"","meta":[],"acf":[],"_links":{"self":[{"href":"https:\/\/isfd804-chu.infd.edu.ar\/sitio\/wp-json\/wp\/v2\/pages\/1592"}],"collection":[{"href":"https:\/\/isfd804-chu.infd.edu.ar\/sitio\/wp-json\/wp\/v2\/pages"}],"about":[{"href":"https:\/\/isfd804-chu.infd.edu.ar\/sitio\/wp-json\/wp\/v2\/types\/page"}],"author":[{"embeddable":true,"href":"https:\/\/isfd804-chu.infd.edu.ar\/sitio\/wp-json\/wp\/v2\/users\/2752"}],"replies":[{"embeddable":true,"href":"https:\/\/isfd804-chu.infd.edu.ar\/sitio\/wp-json\/wp\/v2\/comments?post=1592"}],"version-history":[{"count":6,"href":"https:\/\/isfd804-chu.infd.edu.ar\/sitio\/wp-json\/wp\/v2\/pages\/1592\/revisions"}],"predecessor-version":[{"id":5502,"href":"https:\/\/isfd804-chu.infd.edu.ar\/sitio\/wp-json\/wp\/v2\/pages\/1592\/revisions\/5502"}],"wp:attachment":[{"href":"https:\/\/isfd804-chu.infd.edu.ar\/sitio\/wp-json\/wp\/v2\/media?parent=1592"}],"curies":[{"name":"wp","href":"https:\/\/api.w.org\/{rel}","templated":true}]}}