{"id":1583,"date":"2018-08-30T13:26:43","date_gmt":"2018-08-30T16:26:43","guid":{"rendered":"https:\/\/isfd804-chu.infd.edu.ar\/sitio\/reglamento\/"},"modified":"2023-03-01T20:15:00","modified_gmt":"2023-03-01T23:15:00","slug":"reglamento","status":"publish","type":"page","link":"https:\/\/isfd804-chu.infd.edu.ar\/sitio\/reglamento\/","title":{"rendered":"Reglamento"},"content":{"rendered":"<p style=\"text-align: center;\"><span style=\"font-size: 12pt;\"><strong><img decoding=\"async\" loading=\"lazy\" class=\"alignright\" title=\"\" src=\"https:\/\/isfd804-chu.infd.edu.ar\/sitio\/wp-content\/uploads\/2018\/08\/reglamentos.png\" alt=\"\" width=\"283\" height=\"206\" border=\"0\" \/><\/strong><\/span><\/p>\n<p style=\"text-align: center;\"><span style=\"font-size: 12pt;\"><strong>REGLAMENTO DE LA BIBLIOTECA PARA USUARIOS DE LA\u00a0<\/strong><\/span><b>INSTITUCI\u00d3N<\/b><\/p>\n<p style=\"text-align: center;\"><span style=\"font-family: 'Arial Narrow', serif; font-size: 12pt;\" data-mce-mark=\"1\">Para que la Biblioteca del Instituto brinde sus servicios y lleve a cabo su trabajo t\u00e9cnico\/pedag\u00f3gico de forma eficiente necesita de la colaboraci\u00f3n de la comunidad educativa completa, docentes y alumnos, a trav\u00e9s del conocimiento y cumplimiento de ciertas normas:<\/span><\/p>\n<p><span style=\"font-family: 'Arial Narrow', serif;\" data-mce-mark=\"1\"><span style=\"font-size: large;\" data-mce-mark=\"1\"><em>1.- El ingreso es libre durante el horario expuesto en la puerta de acceso<\/em><\/span><\/span><\/p>\n<p><span style=\"font-family: 'Arial Narrow', serif;\"><span style=\"font-size: large;\"><em>2.- El uso de la biblioteca y del material bibliogr\u00e1fico son gratuitos para todo el p\u00fablico<\/em><\/span><\/span><\/p>\n<p><span style=\"font-family: 'Arial Narrow', serif;\"><span style=\"font-size: large;\"><em>3.- Se excluyen del pr\u00e9stamo a domicilio las obras de consulta o referencia: diccionarios, diccionarios enciclop\u00e9dicos, enciclopedias, colecciones y otros materiales que se considere de valor permanente<\/em><\/span><\/span><\/p>\n<p><span style=\"font-family: 'Arial Narrow', serif;\"><span style=\"font-size: large;\"><em>4.- Los pr\u00e9stamos se extender\u00e1n por el plazo de 1 (una semana), pudiendo renovarse por el mismo per\u00edodo siempre que no se hubiese registrado otro pedido para el mismo material<\/em><\/span><\/span><\/p>\n<p><span style=\"font-family: 'Arial Narrow', serif;\"><span style=\"font-size: large;\"><em>5- Los lectores podr\u00e1n retirar hasta 3 (tres) libros por vez. No pudiendo solicitar otros hasta su devoluci\u00f3n<\/em><\/span><\/span><\/p>\n<p><span style=\"font-family: 'Arial Narrow', serif;\"><span style=\"font-size: large;\"><em>6.- El personal de la biblioteca podr\u00e1 reducir o ampliar la cantidad de obras a prestar cuando lo considere conveniente para el mejor aprovechamiento del servicio<\/em><\/span><\/span><\/p>\n<p><span style=\"font-family: 'Arial Narrow', serif;\"><span style=\"font-size: large;\"><em>7.- Los pr\u00e9stamos son personales e intransferibles<\/em><\/span><\/span><\/p>\n<p><span style=\"font-family: 'Arial Narrow', serif;\"><span style=\"font-size: large;\"><em>8.- El usuario est\u00e1 obligado a resguardar el material bibliogr\u00e1fico. No pudiendo realizar anotaciones, doblar las horas, arrancar p\u00e1ginas o causar cualquier otro tipo de deterioro<\/em><\/span><\/span><\/p>\n<p><span style=\"font-family: 'Arial Narrow', serif;\"><span style=\"font-size: large;\"><em>09.- El lector que rompiere o extraviare un libro deber\u00e1 reponerlo<\/em><\/span><\/span><\/p>\n<p><span style=\"font-family: 'Arial Narrow', serif;\"><span style=\"font-size: large;\"><em>10.- Cualquier otra situaci\u00f3n no prevista se resolver\u00e1 en com\u00fan acuerdo entre el bibliotecario, la Direcci\u00f3n de la Escuela y el usuario<\/em><\/span><\/span><\/p>\n","protected":false},"excerpt":{"rendered":"<p>REGLAMENTO DE LA BIBLIOTECA PARA USUARIOS DE LA\u00a0INSTITUCI\u00d3N Para que la Biblioteca del Instituto brinde sus servicios y lleve a cabo su trabajo t\u00e9cnico\/pedag\u00f3gico de forma eficiente necesita de la colaboraci\u00f3n de la comunidad educativa completa, docentes y alumnos, a trav\u00e9s del conocimiento y cumplimiento de ciertas normas: 1.- El ingreso es libre durante el &#8230; <a title=\"Reglamento\" class=\"read-more\" href=\"https:\/\/isfd804-chu.infd.edu.ar\/sitio\/reglamento\/\" aria-label=\"More on Reglamento\">[+]<\/a><\/p>\n","protected":false},"author":2752,"featured_media":0,"parent":0,"menu_order":0,"comment_status":"closed","ping_status":"closed","template":"","meta":[],"acf":[],"_links":{"self":[{"href":"https:\/\/isfd804-chu.infd.edu.ar\/sitio\/wp-json\/wp\/v2\/pages\/1583"}],"collection":[{"href":"https:\/\/isfd804-chu.infd.edu.ar\/sitio\/wp-json\/wp\/v2\/pages"}],"about":[{"href":"https:\/\/isfd804-chu.infd.edu.ar\/sitio\/wp-json\/wp\/v2\/types\/page"}],"author":[{"embeddable":true,"href":"https:\/\/isfd804-chu.infd.edu.ar\/sitio\/wp-json\/wp\/v2\/users\/2752"}],"replies":[{"embeddable":true,"href":"https:\/\/isfd804-chu.infd.edu.ar\/sitio\/wp-json\/wp\/v2\/comments?post=1583"}],"version-history":[{"count":2,"href":"https:\/\/isfd804-chu.infd.edu.ar\/sitio\/wp-json\/wp\/v2\/pages\/1583\/revisions"}],"predecessor-version":[{"id":4975,"href":"https:\/\/isfd804-chu.infd.edu.ar\/sitio\/wp-json\/wp\/v2\/pages\/1583\/revisions\/4975"}],"wp:attachment":[{"href":"https:\/\/isfd804-chu.infd.edu.ar\/sitio\/wp-json\/wp\/v2\/media?parent=1583"}],"curies":[{"name":"wp","href":"https:\/\/api.w.org\/{rel}","templated":true}]}}