{"id":1571,"date":"2018-08-30T13:26:39","date_gmt":"2018-08-30T16:26:39","guid":{"rendered":"https:\/\/isfd804-chu.infd.edu.ar\/sitio\/pnfs-e-nuestra-escuela-capacitaciones-infod\/"},"modified":"2023-11-13T22:12:42","modified_gmt":"2023-11-14T01:12:42","slug":"capacitacionesinfod","status":"publish","type":"page","link":"https:\/\/isfd804-chu.infd.edu.ar\/sitio\/capacitacionesinfod\/","title":{"rendered":"Capacitaciones del Instituto Nacional de Formaci\u00f3n Docente"},"content":{"rendered":"<p style=\"text-align: center;\"><span style=\"text-decoration: underline;\"><span style=\"font-size: 12pt;\"><strong>Acciones en el marco del Programa Nacional de Formaci\u00f3n Permanente \u00abNuestra Escuela\u00bb<\/strong><\/span><\/span><\/p>\n<p style=\"text-align: center;\"><strong>INSTITUTO NACIONAL DE FORMACI\u00d3N PERMANENTE &#8211; INFOD<\/strong><\/p>\n<p><img decoding=\"async\" loading=\"lazy\" class=\"wp-image-5548 aligncenter\" src=\"https:\/\/isfd804-chu.infd.edu.ar\/sitio\/wp-content\/uploads\/2023\/11\/top-nuestra-escuela-1-1000x369.png\" alt=\"\" width=\"641\" height=\"237\" srcset=\"https:\/\/isfd804-chu.infd.edu.ar\/sitio\/wp-content\/uploads\/2023\/11\/top-nuestra-escuela-1-1000x369.png 1000w, https:\/\/isfd804-chu.infd.edu.ar\/sitio\/wp-content\/uploads\/2023\/11\/top-nuestra-escuela-1-768x283.png 768w, https:\/\/isfd804-chu.infd.edu.ar\/sitio\/wp-content\/uploads\/2023\/11\/top-nuestra-escuela-1-1536x566.png 1536w, https:\/\/isfd804-chu.infd.edu.ar\/sitio\/wp-content\/uploads\/2023\/11\/top-nuestra-escuela-1.png 1741w\" sizes=\"(max-width: 641px) 100vw, 641px\" \/><\/p>\n<p style=\"text-align: center;\">Acceso a los <strong>cursos nacionales del Programa Nacional de Formaci\u00f3n Permanente Nuestra Escuela<\/strong>. Recomendamos que miren todas las propuestas disponibles y, si est\u00e1n interesadxs, se anote en aquella o aquellas que ser\u00e1n un aporte a su formaci\u00f3n. Las tem\u00e1ticas son muy diversas, hay propuestas para todos los perfiles, de todos los niveles y modalidades, en todos los campos de conocimiento.<\/p>\n<hr \/>\n<p><span style=\"font-size: revert;\">Para la <\/span><strong style=\"font-size: revert;\">inscripci\u00f3n a ACTUALIZACIONES VIRTUALES\u00a0<\/strong><span style=\"font-size: revert;\">\u00a0(post\u00edtulos tutorizados con cupo):<\/span><\/p>\n<div>\n<p style=\"font-weight: 400;\">Son post\u00edtulos docentes orientados a fortalecer la formaci\u00f3n vinculada con la renovaci\u00f3n de las pr\u00e1cticas de ense\u00f1anza y evaluaci\u00f3n en el contexto de pospandemia. Se proponen brindar una actualizaci\u00f3n sistem\u00e1tica que permita profundizar la formaci\u00f3n disciplinar, interdisciplinar y did\u00e1ctica en concordancia con las orientaciones y definiciones establecidas por las normativas del CFE y de las jurisdicciones. Tienen una carga horaria de 210 horas y se cursan en forma virtual a lo largo de tres trimestres. La cursada combina lectura de clases y bibliograf\u00eda, an\u00e1lisis de material audiovisual, producci\u00f3n de trabajos pr\u00e1cticos individuales o grupales, participaci\u00f3n en foros de debate y encuentros virtuales sincr\u00f3nicos. La estructura curricular de las actualizaciones est\u00e1 organizada en 5 m\u00f3dulos tem\u00e1ticos de 40 horas cada uno y un trabajo final integrador.<\/p>\n<p style=\"font-weight: 400; text-align: center;\">Ingresar a:\u00a0<a href=\"https:\/\/red.infd.edu.ar\/actualizaciones\/\">https:\/\/red.infd.edu.ar\/actualizaciones\/<\/a><\/p>\n<hr \/>\n<p style=\"font-weight: 400;\">Para la\u00a0<strong>inscripci\u00f3n a CURSOS VIRTUALES\u00a0<\/strong>\u00a0(<em>cursos tutorizados con cupo<\/em>):<\/p>\n<p style=\"font-weight: 400;\">Abordan tem\u00e1ticas disciplinares y\/o pedag\u00f3gicas espec\u00edficas de los distintos niveles y modalidades de ense\u00f1anza. Articulan con distintas \u00e1reas del Ministerio de Educaci\u00f3n y con otros organismos. Tienen una carga horaria de 40 horas y se cursan de forma virtual a lo largo de dos meses.<\/p>\n<p style=\"font-weight: 400; text-align: center;\">Ingresar a:\u00a0<a href=\"https:\/\/infod.educacion.gob.ar\/cursos\">https:\/\/infod.educacion.gob.ar\/cursos<\/a><\/p>\n<hr \/>\n<p style=\"font-weight: 400;\">Para la<strong>\u00a0inscripci\u00f3n a TRAMOS DE FORMACI\u00d3N\u00a0<\/strong>(<em>virtuales, con encuentros sincr\u00f3nicos<\/em>):<\/p>\n<p style=\"font-weight: 400;\">Comprenden tres a cuatro jornadas que consisten en videoconferencias transmitidas por el canal de Youtube de Nuestra Escuela con acceso a materiales bibliogr\u00e1ficos sobre ejes tem\u00e1ticos relacionados con problemas singulares de la pr\u00e1ctica educativa que pueden ser institucionales, curriculares, pedag\u00f3gicos y\/o did\u00e1cticos. Se puede participar de manera sincr\u00f3nica o asincr\u00f3nica. Las jornadas tienen una frecuencia de un encuentro semanal de 1.30 hs.<\/p>\n<p style=\"font-weight: 400; text-align: center;\">Ingresar a:\u00a0<a href=\"https:\/\/aulastic.infd.edu.ar\/catalogo.cgi\">https:\/\/aulastic.infd.edu.ar\/catalogo.cgi<\/a><\/p>\n<hr \/>\n<p style=\"font-weight: 400;\">Este a\u00f1o\u00a0<strong>NUESTRO CAMPUS VIRTUAL<\/strong>\u00a0tambi\u00e9n ofrece cursos de\u00a0<strong>modalidad autoasistida<\/strong>\u00a0que consisten en un aprendizaje aut\u00f3nomo guiado a trav\u00e9s de consignas y autoevaluaciones. Cada cursante estudia a su ritmo dentro del tiempo establecido y las actividades se corrigen autom\u00e1ticamente sin la intervenci\u00f3n de un tutor. Estas propuestas no tienen puntaje o est\u00e1 sujeto a la verificaci\u00f3n de cada normativa jurisdicci\u00f3n.<\/p>\n<p style=\"font-weight: 400;\">Para la<strong>\u00a0inscripci\u00f3n a los CURSOS AUTOASISTIDOS de nuestra plataforma se debe ser usuario de la misma:\u00a0<\/strong><\/p>\n<p style=\"font-weight: 400; text-align: center;\">Ingresar a:\u00a0<a href=\"https:\/\/isfd804-chu.infd.edu.ar\/sitio\/catalogo\/\">https:\/\/isfd804-chu.infd.edu.ar\/sitio\/catalogo\/<\/a><\/p>\n<p>\u00a0<\/p>\n<\/div>\n\n\n<p><\/p>\n","protected":false},"excerpt":{"rendered":"<p>Acciones en el marco del Programa Nacional de Formaci\u00f3n Permanente \u00abNuestra Escuela\u00bb INSTITUTO NACIONAL DE FORMACI\u00d3N PERMANENTE &#8211; INFOD Acceso a los cursos nacionales del Programa Nacional de Formaci\u00f3n Permanente Nuestra Escuela. Recomendamos que miren todas las propuestas disponibles y, si est\u00e1n interesadxs, se anote en aquella o aquellas que ser\u00e1n un aporte a su &#8230; <a title=\"Capacitaciones del Instituto Nacional de Formaci\u00f3n Docente\" class=\"read-more\" href=\"https:\/\/isfd804-chu.infd.edu.ar\/sitio\/capacitacionesinfod\/\" aria-label=\"More on Capacitaciones del Instituto Nacional de Formaci\u00f3n Docente\">[+]<\/a><\/p>\n","protected":false},"author":2752,"featured_media":0,"parent":0,"menu_order":0,"comment_status":"closed","ping_status":"closed","template":"","meta":[],"acf":[],"_links":{"self":[{"href":"https:\/\/isfd804-chu.infd.edu.ar\/sitio\/wp-json\/wp\/v2\/pages\/1571"}],"collection":[{"href":"https:\/\/isfd804-chu.infd.edu.ar\/sitio\/wp-json\/wp\/v2\/pages"}],"about":[{"href":"https:\/\/isfd804-chu.infd.edu.ar\/sitio\/wp-json\/wp\/v2\/types\/page"}],"author":[{"embeddable":true,"href":"https:\/\/isfd804-chu.infd.edu.ar\/sitio\/wp-json\/wp\/v2\/users\/2752"}],"replies":[{"embeddable":true,"href":"https:\/\/isfd804-chu.infd.edu.ar\/sitio\/wp-json\/wp\/v2\/comments?post=1571"}],"version-history":[{"count":16,"href":"https:\/\/isfd804-chu.infd.edu.ar\/sitio\/wp-json\/wp\/v2\/pages\/1571\/revisions"}],"predecessor-version":[{"id":5550,"href":"https:\/\/isfd804-chu.infd.edu.ar\/sitio\/wp-json\/wp\/v2\/pages\/1571\/revisions\/5550"}],"wp:attachment":[{"href":"https:\/\/isfd804-chu.infd.edu.ar\/sitio\/wp-json\/wp\/v2\/media?parent=1571"}],"curies":[{"name":"wp","href":"https:\/\/api.w.org\/{rel}","templated":true}]}}