{"id":1565,"date":"2018-08-30T13:26:36","date_gmt":"2018-08-30T16:26:36","guid":{"rendered":"https:\/\/isfd804-chu.infd.edu.ar\/sitio\/novedades\/"},"modified":"2021-03-28T15:51:03","modified_gmt":"2021-03-28T18:51:03","slug":"novedades","status":"publish","type":"page","link":"https:\/\/isfd804-chu.infd.edu.ar\/sitio\/novedades\/","title":{"rendered":"Informaci\u00f3n y actividades para Estudiantes"},"content":{"rendered":"<p><strong>Aqu\u00ed se publicar\u00e1n novedades referidas a gestiones, actividades, encuentros,\u00a0<\/strong><strong>talleres, concursos, seminarios, etc. para lxs estudiantes del Instituto.<\/strong><\/p>\n<hr \/>\n<p>&nbsp;<\/p>\n<h3><strong><span style=\"color: #ff9900;\">TEG- TRANSPORTE EDUCATIVO GRATUITO<\/span><\/strong><\/h3>\n<p>INSCRIPCIONES 2021, A PARTIR DEL 15 DE MARZO<\/p>\n<p><a href=\"http:\/\/teg.chubut.gov.ar\/\">http:\/\/teg.chubut.gov.ar\/<\/a><\/p>\n<hr \/>\n<h3><img decoding=\"async\" loading=\"lazy\" class=\"alignnone size-medium wp-image-4175\" src=\"https:\/\/isfd804-chu.infd.edu.ar\/sitio\/wp-content\/uploads\/2021\/03\/logo_Infod_back-1000x560.jpg\" alt=\"\" width=\"1000\" height=\"560\" srcset=\"https:\/\/isfd804-chu.infd.edu.ar\/sitio\/wp-content\/uploads\/2021\/03\/logo_Infod_back.jpg 1000w, https:\/\/isfd804-chu.infd.edu.ar\/sitio\/wp-content\/uploads\/2021\/03\/logo_Infod_back-768x430.jpg 768w\" sizes=\"(max-width: 1000px) 100vw, 1000px\" \/><\/h3>\n<h3>Recursos del INFOD<\/h3>\n<p>Dispositivos de acompa\u00f1amiento a las trayectorias, cursos, recursos web, gu\u00edas, tutoriales.<\/p>\n<blockquote class=\"wp-embedded-content\" data-secret=\"xKtP5XTth8\"><p><a href=\"https:\/\/red.infd.edu.ar\/\">Inicio<\/a><\/p><\/blockquote>\n<p><iframe class=\"wp-embedded-content\" sandbox=\"allow-scripts\" security=\"restricted\" style=\"position: absolute; clip: rect(1px, 1px, 1px, 1px);\" src=\"https:\/\/red.infd.edu.ar\/embed\/#?secret=xKtP5XTth8\" data-secret=\"xKtP5XTth8\" width=\"600\" height=\"338\" title=\"\u00abInicio\u00bb \u2014 Instituto Nacional de Formaci\u00f3n Docente\" frameborder=\"0\" marginwidth=\"0\" marginheight=\"0\" scrolling=\"no\"><\/iframe><\/p>\n<hr \/>\n<h3><span style=\"color: #993366;\">CENTRO DE PRIMERA INFANCIA \u00abSOL Y LUNA\u00bb\u00a0<\/span><\/h3>\n<p><img decoding=\"async\" loading=\"lazy\" class=\"alignnone wp-image-2681\" src=\"https:\/\/isfd804-chu.infd.edu.ar\/sitio\/wp-content\/uploads\/2020\/03\/FB_IMG_1582312689178-1.jpg\" alt=\"\" width=\"314\" height=\"235\" \/><\/p>\n<hr \/>\n<h3><span style=\"color: #000080;\"><strong>ESCUELAS DEPORTIVAS MUNICIPALES- ESQUEL<\/strong><\/span><\/h3>\n<p>Inscripciones online desde el 1 al 12 de marzo<\/p>\n<p>https:\/\/www.esquel.gov.ar\/inscripciones-escuelas-deportivas-2021<\/p>\n<p><img decoding=\"async\" src=\"https:\/\/www.esquel.gov.ar\/sites\/default\/files\/icon_muni_deportes.png\" alt=\"Icon\" \/><\/p>\n<hr \/>\n<h3><strong><span style=\"color: #ff00ff;\">MUTISIAS REBELDES- SOCORRISTAS EN RED Esquel y Trevelin<\/span><\/strong><\/h3>\n<p><img decoding=\"async\" loading=\"lazy\" class=\"alignnone wp-image-2831\" src=\"https:\/\/isfd804-chu.infd.edu.ar\/sitio\/wp-content\/uploads\/2020\/04\/47094771_2387077057972400_9157439341058850816_o-1000x415.jpg\" alt=\"\" width=\"332\" height=\"138\" srcset=\"https:\/\/isfd804-chu.infd.edu.ar\/sitio\/wp-content\/uploads\/2020\/04\/47094771_2387077057972400_9157439341058850816_o-1000x415.jpg 1000w, https:\/\/isfd804-chu.infd.edu.ar\/sitio\/wp-content\/uploads\/2020\/04\/47094771_2387077057972400_9157439341058850816_o-768x319.jpg 768w, https:\/\/isfd804-chu.infd.edu.ar\/sitio\/wp-content\/uploads\/2020\/04\/47094771_2387077057972400_9157439341058850816_o-1900x789.jpg 1900w\" sizes=\"(max-width: 332px) 100vw, 332px\" \/><\/p>\n<p>N\u00famero de GUARDIA: 2945-683530<\/p>\n<p><a href=\"https:\/\/www.facebook.com\/Mutisias-Rebeldes-Socorristas-EsquelTrevelin-2386256924721080\/\">https:\/\/www.facebook.com\/Mutisias-Rebeldes-Socorristas-EsquelTrevelin-2386256924721080\/<\/a><\/p>\n<p>Instagram: mutisiasrebeldes<\/p>\n<hr \/>\n<h3><strong><span style=\"color: #800080;\">RED DE CONTENCI\u00d3N \u00abNI UNA MENOS\u00bb Esquel<\/span><\/strong><\/h3>\n<p><img decoding=\"async\" loading=\"lazy\" class=\"alignnone wp-image-2832\" src=\"https:\/\/isfd804-chu.infd.edu.ar\/sitio\/wp-content\/uploads\/2020\/04\/90424551_2556081028046258_4581994806430924800_n.jpg\" alt=\"\" width=\"267\" height=\"326\" \/><\/p>\n<p>N\u00famero de contacto: 2945-912099<\/p>\n<hr \/>\n<h3><strong><span style=\"color: #800080;\">ACTIVIDADES CULTURALES- MUNICIPALIDAD DE ESQUEL<\/span><\/strong><\/h3>\n<p><strong>Talleres Municipales de Formaci\u00f3n Integral (TAMFI) 2021<\/strong><\/p>\n<p><img decoding=\"async\" src=\"https:\/\/scontent.fnqn2-1.fna.fbcdn.net\/v\/t1.0-9\/156828188_3970076213013509_5783331175276147879_o.jpg?_nc_cat=104&amp;ccb=1-3&amp;_nc_sid=730e14&amp;_nc_ohc=Qry7AjViNbkAX96GCGa&amp;_nc_ht=scontent.fnqn2-1.fna&amp;oh=2a60b70765db5b7340a7c820eaa5049d&amp;oe=606DCE6F\" alt=\"Puede ser una imagen de texto que dice &quot;TALLERES MUNICIPALES 2021 TALLER INTEGRAL DE CIRCO acrobacia malabares CEL: 11 65417350 A PARTIR DELOS 8A\u00d1OS ANIMATE taller de animaci\u00f3n 2D edici\u00f3n de video CEL: 11 22862196 IMPRO-AVENTURAS iniciaci\u00f3n improvisaci\u00f3n musical libre TEL: 45 4588 \u00bfCU\u00c1NTAS CAPAS TIENE UNA CEBOLLA? taller de exploraci\u00f3n teatral CEL: 2945 648007 PARTIR DELOS A\u00d1OS CANTEMOS taller de canto y exploraci\u00f3n grupal voz CEL: 11 23440231 TALLER DE DIBUJO PINTURA EXPERIMENTAL CEL: 2945 332701 PRESENCIALES para personas de 60 a\u00f1os A PARTIR DEL 8 DE MARZO SECRETAR\u00cdA EDUCATIVA CULTURA EDUCACIO PROGRAMA&quot;\" \/><\/p>\n","protected":false},"excerpt":{"rendered":"<p>Aqu\u00ed se publicar\u00e1n novedades referidas a gestiones, actividades, encuentros,\u00a0talleres, concursos, seminarios, etc. para lxs estudiantes del Instituto. &nbsp; TEG- TRANSPORTE EDUCATIVO GRATUITO INSCRIPCIONES 2021, A PARTIR DEL 15 DE MARZO http:\/\/teg.chubut.gov.ar\/ Recursos del INFOD Dispositivos de acompa\u00f1amiento a las trayectorias, cursos, recursos web, gu\u00edas, tutoriales. Inicio CENTRO DE PRIMERA INFANCIA \u00abSOL Y LUNA\u00bb\u00a0 ESCUELAS DEPORTIVAS &#8230; <a title=\"Informaci\u00f3n y actividades para Estudiantes\" class=\"read-more\" href=\"https:\/\/isfd804-chu.infd.edu.ar\/sitio\/novedades\/\" aria-label=\"More on Informaci\u00f3n y actividades para Estudiantes\">[+]<\/a><\/p>\n","protected":false},"author":2752,"featured_media":0,"parent":0,"menu_order":0,"comment_status":"closed","ping_status":"closed","template":"","meta":[],"acf":[],"_links":{"self":[{"href":"https:\/\/isfd804-chu.infd.edu.ar\/sitio\/wp-json\/wp\/v2\/pages\/1565"}],"collection":[{"href":"https:\/\/isfd804-chu.infd.edu.ar\/sitio\/wp-json\/wp\/v2\/pages"}],"about":[{"href":"https:\/\/isfd804-chu.infd.edu.ar\/sitio\/wp-json\/wp\/v2\/types\/page"}],"author":[{"embeddable":true,"href":"https:\/\/isfd804-chu.infd.edu.ar\/sitio\/wp-json\/wp\/v2\/users\/2752"}],"replies":[{"embeddable":true,"href":"https:\/\/isfd804-chu.infd.edu.ar\/sitio\/wp-json\/wp\/v2\/comments?post=1565"}],"version-history":[{"count":14,"href":"https:\/\/isfd804-chu.infd.edu.ar\/sitio\/wp-json\/wp\/v2\/pages\/1565\/revisions"}],"predecessor-version":[{"id":4176,"href":"https:\/\/isfd804-chu.infd.edu.ar\/sitio\/wp-json\/wp\/v2\/pages\/1565\/revisions\/4176"}],"wp:attachment":[{"href":"https:\/\/isfd804-chu.infd.edu.ar\/sitio\/wp-json\/wp\/v2\/media?parent=1565"}],"curies":[{"name":"wp","href":"https:\/\/api.w.org\/{rel}","templated":true}]}}