{"id":1559,"date":"2018-08-30T13:26:34","date_gmt":"2018-08-30T16:26:34","guid":{"rendered":"https:\/\/isfd804-chu.infd.edu.ar\/sitio\/presentacion\/"},"modified":"2023-10-13T12:22:42","modified_gmt":"2023-10-13T15:22:42","slug":"presentacion","status":"publish","type":"page","link":"https:\/\/isfd804-chu.infd.edu.ar\/sitio\/presentacion\/","title":{"rendered":"Presentaci\u00f3n"},"content":{"rendered":"<div class=\"wp-block-image\">\n<figure class=\"alignleft is-resized\"><img decoding=\"async\" loading=\"lazy\" src=\"https:\/\/isfd804-chu.infd.edu.ar\/sitio\/wp-content\/uploads\/2023\/03\/20230105_191531-1000x861.jpg\" alt=\"\" class=\"wp-image-4972\" width=\"223\" height=\"192\" srcset=\"https:\/\/isfd804-chu.infd.edu.ar\/sitio\/wp-content\/uploads\/2023\/03\/20230105_191531-1000x861.jpg 1000w, https:\/\/isfd804-chu.infd.edu.ar\/sitio\/wp-content\/uploads\/2023\/03\/20230105_191531-768x661.jpg 768w, https:\/\/isfd804-chu.infd.edu.ar\/sitio\/wp-content\/uploads\/2023\/03\/20230105_191531-rotated.jpg 1159w\" sizes=\"(max-width: 223px) 100vw, 223px\" \/><figcaption class=\"wp-element-caption\">Bibliotecario<\/figcaption><\/figure><\/div>\n\n\n<h3 class=\"wp-block-heading\"><strong>Bibliotecario<\/strong><\/h3>\n\n\n\n<p class=\"has-text-align-left\"><span style=\"font-size: 12pt; font-family: 'comic sans ms', sans-serif;\"><strong>Esquel<\/strong><\/span><\/p>\n\n\n\n<p class=\"has-text-align-left\"><span style=\"font-size: 12pt; font-family: 'comic sans ms', sans-serif;\">Andr\u00e9s Arnaldo Chaloupka<\/span><\/p>\n\n\n\n<p class=\"has-text-align-left\"><span style=\"font-size: 12pt; font-family: 'comic sans ms', sans-serif;\"><strong>D\u00edas y horarios de atenci\u00f3n<\/strong><\/span><\/p>\n\n\n\n<p class=\"has-text-align-left\"><span style=\"font-size: 12pt; font-family: 'comic sans ms', sans-serif;\">\u00a0<\/span><span style=\"font-size: 12pt; font-family: 'comic sans ms', sans-serif;\">Lunes a Viernes de 18:30hs a 22:30hs<\/span><\/p>\n\n\n\n<p><span style=\"font-size: 12pt;\"><strong><span style=\"font-family: 'comic sans ms', sans-serif;\">Objetivos<\/span><\/strong><\/span><\/p>\n\n\n\n<ul>\n<li><span style=\"font-size: 12pt; font-family: 'comic sans ms', sans-serif;\">&nbsp;Difundir los servicios y actividades de la biblioteca a trav\u00e9s de los medios inform\u00e1ticos (p\u00e1gina web) e impresos (folletos, tr\u00edpticos).<\/span><\/li>\n\n\n\n<li><span style=\"font-size: 12pt; font-family: 'comic sans ms', sans-serif;\">Continuar con el proceso de carga bibliogr\u00e1fica y de usuarios en Aguapey para implementar el sistema de pr\u00e9stamo en el mismo.<\/span><\/li>\n\n\n\n<li><span style=\"font-size: 12pt; font-family: 'comic sans ms', sans-serif;\">Re organizar el material para el mejor funcionamiento de la biblioteca<\/span><\/li>\n\n\n\n<li><span style=\"font-size: 12pt; font-family: 'comic sans ms', sans-serif;\">Detectar las necesidades de los usuarios<\/span><\/li>\n\n\n\n<li><span style=\"font-size: 12pt; font-family: 'comic sans ms', sans-serif;\">Adecuar los servicios de la biblioteca a las necesidades de la comunidad<\/span><\/li>\n\n\n\n<li><span style=\"font-size: 12pt; font-family: 'comic sans ms', sans-serif;\">Evaluar los servicios y actividades de la biblioteca<\/span><\/li>\n\n\n\n<li><span style=\"font-size: 12pt; font-family: 'comic sans ms', sans-serif;\">Potenciar el valor que dan a la biblioteca los usuarios de la instituci\u00f3n<\/span><\/li>\n<\/ul>\n","protected":false},"excerpt":{"rendered":"<p>Bibliotecario Esquel Andr\u00e9s Arnaldo Chaloupka D\u00edas y horarios de atenci\u00f3n \u00a0Lunes a Viernes de 18:30hs a 22:30hs Objetivos<\/p>\n","protected":false},"author":2752,"featured_media":0,"parent":0,"menu_order":0,"comment_status":"closed","ping_status":"closed","template":"","meta":[],"acf":[],"_links":{"self":[{"href":"https:\/\/isfd804-chu.infd.edu.ar\/sitio\/wp-json\/wp\/v2\/pages\/1559"}],"collection":[{"href":"https:\/\/isfd804-chu.infd.edu.ar\/sitio\/wp-json\/wp\/v2\/pages"}],"about":[{"href":"https:\/\/isfd804-chu.infd.edu.ar\/sitio\/wp-json\/wp\/v2\/types\/page"}],"author":[{"embeddable":true,"href":"https:\/\/isfd804-chu.infd.edu.ar\/sitio\/wp-json\/wp\/v2\/users\/2752"}],"replies":[{"embeddable":true,"href":"https:\/\/isfd804-chu.infd.edu.ar\/sitio\/wp-json\/wp\/v2\/comments?post=1559"}],"version-history":[{"count":5,"href":"https:\/\/isfd804-chu.infd.edu.ar\/sitio\/wp-json\/wp\/v2\/pages\/1559\/revisions"}],"predecessor-version":[{"id":5460,"href":"https:\/\/isfd804-chu.infd.edu.ar\/sitio\/wp-json\/wp\/v2\/pages\/1559\/revisions\/5460"}],"wp:attachment":[{"href":"https:\/\/isfd804-chu.infd.edu.ar\/sitio\/wp-json\/wp\/v2\/media?parent=1559"}],"curies":[{"name":"wp","href":"https:\/\/api.w.org\/{rel}","templated":true}]}}