{"id":1553,"date":"2018-08-30T13:26:32","date_gmt":"2018-08-30T16:26:32","guid":{"rendered":"https:\/\/isfd804-chu.infd.edu.ar\/sitio\/trevelin\/"},"modified":"2024-09-24T19:43:36","modified_gmt":"2024-09-24T22:43:36","slug":"trevelin","status":"publish","type":"page","link":"https:\/\/isfd804-chu.infd.edu.ar\/sitio\/trevelin\/","title":{"rendered":"Trevelin"},"content":{"rendered":"<p>En esta p\u00e1gina encontrar\u00e1s informaci\u00f3n y novedades relacionadas con la Sede Trevelin.<\/p>\n<p><strong>Coordinadora de anexo<\/strong>:<\/p>\n<p><strong>Bedel<\/strong>: Prof. Hern\u00e1n Gomez<\/p>\n<div style=\"clear: both;\"><\/div>\n<div style=\"clear: both;\"><a title=\"Tutorial ingreso al Campus\" href=\"upload\/TUTORIAL_PARA_INGRESAR_AL_CAMPUS.pdf\" target=\"_blank\" rel=\"noopener\">Aqu\u00ed <\/a>Tutorial para ingresar al campus<\/div>\n","protected":false},"excerpt":{"rendered":"<p>En esta p\u00e1gina encontrar\u00e1s informaci\u00f3n y novedades relacionadas con la Sede Trevelin. Coordinadora de anexo: Bedel: Prof. Hern\u00e1n Gomez Aqu\u00ed Tutorial para ingresar al campus<\/p>\n","protected":false},"author":2752,"featured_media":0,"parent":0,"menu_order":0,"comment_status":"closed","ping_status":"closed","template":"","meta":[],"acf":[],"_links":{"self":[{"href":"https:\/\/isfd804-chu.infd.edu.ar\/sitio\/wp-json\/wp\/v2\/pages\/1553"}],"collection":[{"href":"https:\/\/isfd804-chu.infd.edu.ar\/sitio\/wp-json\/wp\/v2\/pages"}],"about":[{"href":"https:\/\/isfd804-chu.infd.edu.ar\/sitio\/wp-json\/wp\/v2\/types\/page"}],"author":[{"embeddable":true,"href":"https:\/\/isfd804-chu.infd.edu.ar\/sitio\/wp-json\/wp\/v2\/users\/2752"}],"replies":[{"embeddable":true,"href":"https:\/\/isfd804-chu.infd.edu.ar\/sitio\/wp-json\/wp\/v2\/comments?post=1553"}],"version-history":[{"count":4,"href":"https:\/\/isfd804-chu.infd.edu.ar\/sitio\/wp-json\/wp\/v2\/pages\/1553\/revisions"}],"predecessor-version":[{"id":5858,"href":"https:\/\/isfd804-chu.infd.edu.ar\/sitio\/wp-json\/wp\/v2\/pages\/1553\/revisions\/5858"}],"wp:attachment":[{"href":"https:\/\/isfd804-chu.infd.edu.ar\/sitio\/wp-json\/wp\/v2\/media?parent=1553"}],"curies":[{"name":"wp","href":"https:\/\/api.w.org\/{rel}","templated":true}]}}