{"id":1545,"date":"2018-08-30T13:26:29","date_gmt":"2018-08-30T16:26:29","guid":{"rendered":"https:\/\/isfd804-chu.infd.edu.ar\/sitio\/prof-de-quimica\/"},"modified":"2023-10-23T19:22:05","modified_gmt":"2023-10-23T22:22:05","slug":"prof-de-quimica","status":"publish","type":"page","link":"https:\/\/isfd804-chu.infd.edu.ar\/sitio\/prof-de-quimica\/","title":{"rendered":"PES en Qu\u00edmica"},"content":{"rendered":"<p style=\"text-align: center;\"><strong><span style=\"font-size: 10pt;\">Coordinador\/a:<\/span><\/strong><\/p>\n<p style=\"text-align: center;\"><span style=\"font-size: 10pt;\">Prof. Marcela Rivero<\/span><\/p>\n<p style=\"text-align: center;\"><strong><span style=\"font-size: 10pt;\">Dise\u00f1o Curricular del PES en Qu\u00edmica:<\/span><\/strong><\/p>\n<p style=\"text-align: center;\"><a href=\"https:\/\/isfd804-chu.infd.edu.ar\/sitio\/wp-content\/uploads\/2019\/12\/DC_PES-QUI19.pdf\">Descarga Dise\u00f1o Curricular (Resoluci\u00f3n 2019)<\/a><\/p>\n<p style=\"text-align: center;\"><span style=\"font-size: 10pt;\"><a title=\"Dise\u00f1o Qu\u00edmica 2014\" href=\"upload\/Res_ME_306.14_Anexo_I._Dise%F1o_Curricular_Profesorado_de_Ed._Secundaria_en_Quimica.pdf\" target=\"_blank\" rel=\"noopener\">Descargar\u00a0dise\u00f1o 2014<\/a><\/span><\/p>\n<hr \/>\n<p><u>Programas anal\u00edticos Dise\u00f1o Curricular <strong>(Resoluci\u00f3n.\u00a0 604\/14)<\/strong>:<\/u><\/p>\n<table>\n<tbody>\n<tr>\n<td rowspan=\"11\" width=\"102\">\n<p style=\"text-align: center;\"><strong>1\u00b0 A\u00f1o<\/strong><\/p>\n<\/td>\n<td width=\"475\">Matem\u00e1tica: <a href=\"https:\/\/isfd804-chu.infd.edu.ar\/sitio\/wp-content\/uploads\/2019\/07\/Programa-de-Matema\u0301tica-1\u00b0-an\u0303o-Prof.-de-Qui\u0301mica.pdf\">Programa de Matema\u0301tica &#8211; 1\u00b0 an\u0303o Prof. de Qui\u0301mica<\/a><\/td>\n<\/tr>\n<tr>\n<td width=\"475\"><\/td>\n<\/tr>\n<tr>\n<td width=\"475\"><\/td>\n<\/tr>\n<tr>\n<td width=\"475\"><\/td>\n<\/tr>\n<tr>\n<td width=\"475\"><\/td>\n<\/tr>\n<tr>\n<td width=\"475\"><\/td>\n<\/tr>\n<tr>\n<td width=\"475\"><\/td>\n<\/tr>\n<tr>\n<td width=\"475\"><\/td>\n<\/tr>\n<tr>\n<td width=\"475\"><\/td>\n<\/tr>\n<tr>\n<td width=\"475\"><\/td>\n<\/tr>\n<tr>\n<td width=\"475\"><\/td>\n<\/tr>\n<\/tbody>\n<\/table>\n<table>\n<tbody>\n<tr>\n<td rowspan=\"9\" width=\"102\">\n<p style=\"text-align: center;\"><strong>2\u00b0 A\u00f1o<\/strong><\/p>\n<\/td>\n<td width=\"475\">Historia y Pol\u00edtica de la Ed. Argentina:\u00a0<a href=\"https:\/\/isfd804-chu.infd.edu.ar\/sitio\/wp-content\/uploads\/2019\/05\/Programa-Historia-y-Pol\u00edtica.pdf\">Programa Historia y Pol\u00edtica<\/a><\/td>\n<\/tr>\n<tr>\n<td width=\"475\"><\/td>\n<\/tr>\n<tr>\n<td width=\"475\"><\/td>\n<\/tr>\n<tr>\n<td width=\"475\"><\/td>\n<\/tr>\n<tr>\n<td width=\"475\"><\/td>\n<\/tr>\n<tr>\n<td width=\"475\"><\/td>\n<\/tr>\n<tr>\n<td width=\"475\"><\/td>\n<\/tr>\n<tr>\n<td width=\"475\"><\/td>\n<\/tr>\n<tr>\n<td width=\"475\"><\/td>\n<\/tr>\n<\/tbody>\n<\/table>\n<table>\n<tbody>\n<tr>\n<td rowspan=\"8\" width=\"102\">\n<p style=\"text-align: center;\"><strong>3\u00b0 A\u00f1o<\/strong><\/p>\n<\/td>\n<td width=\"475\"><\/td>\n<\/tr>\n<tr>\n<td width=\"475\"><\/td>\n<\/tr>\n<tr>\n<td width=\"475\"><\/td>\n<\/tr>\n<tr>\n<td width=\"475\"><\/td>\n<\/tr>\n<tr>\n<td width=\"475\"><\/td>\n<\/tr>\n<tr>\n<td width=\"475\"><\/td>\n<\/tr>\n<tr>\n<td width=\"475\"><\/td>\n<\/tr>\n<tr>\n<td width=\"475\"><\/td>\n<\/tr>\n<\/tbody>\n<\/table>\n<table>\n<tbody>\n<tr>\n<td rowspan=\"11\" width=\"102\">\n<p style=\"text-align: center;\"><strong>4\u00b0 A\u00f1o<\/strong><\/p>\n<\/td>\n<td width=\"475\">Filosof\u00eda de la Educaci\u00f3n:\u00a0<a href=\"https:\/\/isfd804-chu.infd.edu.ar\/sitio\/wp-content\/uploads\/2019\/06\/Programa-Filosof\u00eda-de-la-Educaci\u00f3n-QM.pdf\">Programa Filosof\u00eda de la Educaci\u00f3n &#8211; QM<\/a><\/td>\n<\/tr>\n<tr>\n<td width=\"475\"><\/td>\n<\/tr>\n<tr>\n<td width=\"475\"><\/td>\n<\/tr>\n<tr>\n<td width=\"475\"><\/td>\n<\/tr>\n<tr>\n<td width=\"475\"><\/td>\n<\/tr>\n<tr>\n<td width=\"475\"><\/td>\n<\/tr>\n<tr>\n<td width=\"475\"><\/td>\n<\/tr>\n<tr>\n<td width=\"475\"><\/td>\n<\/tr>\n<tr>\n<td width=\"475\"><\/td>\n<\/tr>\n<tr>\n<td width=\"475\"><\/td>\n<\/tr>\n<tr>\n<td width=\"475\"><\/td>\n<\/tr>\n<\/tbody>\n<\/table>\n","protected":false},"excerpt":{"rendered":"<p>Coordinador\/a: Prof. Marcela Rivero Dise\u00f1o Curricular del PES en Qu\u00edmica: Descarga Dise\u00f1o Curricular (Resoluci\u00f3n 2019) Descargar\u00a0dise\u00f1o 2014 Programas anal\u00edticos Dise\u00f1o Curricular (Resoluci\u00f3n.\u00a0 604\/14): 1\u00b0 A\u00f1o Matem\u00e1tica: Programa de Matema\u0301tica &#8211; 1\u00b0 an\u0303o Prof. de Qui\u0301mica 2\u00b0 A\u00f1o Historia y Pol\u00edtica de la Ed. Argentina:\u00a0Programa Historia y Pol\u00edtica 3\u00b0 A\u00f1o 4\u00b0 A\u00f1o Filosof\u00eda de la Educaci\u00f3n:\u00a0Programa &#8230; <a title=\"PES en Qu\u00edmica\" class=\"read-more\" href=\"https:\/\/isfd804-chu.infd.edu.ar\/sitio\/prof-de-quimica\/\" aria-label=\"More on PES en Qu\u00edmica\">[+]<\/a><\/p>\n","protected":false},"author":2752,"featured_media":0,"parent":0,"menu_order":0,"comment_status":"closed","ping_status":"closed","template":"","meta":[],"acf":[],"_links":{"self":[{"href":"https:\/\/isfd804-chu.infd.edu.ar\/sitio\/wp-json\/wp\/v2\/pages\/1545"}],"collection":[{"href":"https:\/\/isfd804-chu.infd.edu.ar\/sitio\/wp-json\/wp\/v2\/pages"}],"about":[{"href":"https:\/\/isfd804-chu.infd.edu.ar\/sitio\/wp-json\/wp\/v2\/types\/page"}],"author":[{"embeddable":true,"href":"https:\/\/isfd804-chu.infd.edu.ar\/sitio\/wp-json\/wp\/v2\/users\/2752"}],"replies":[{"embeddable":true,"href":"https:\/\/isfd804-chu.infd.edu.ar\/sitio\/wp-json\/wp\/v2\/comments?post=1545"}],"version-history":[{"count":9,"href":"https:\/\/isfd804-chu.infd.edu.ar\/sitio\/wp-json\/wp\/v2\/pages\/1545\/revisions"}],"predecessor-version":[{"id":5498,"href":"https:\/\/isfd804-chu.infd.edu.ar\/sitio\/wp-json\/wp\/v2\/pages\/1545\/revisions\/5498"}],"wp:attachment":[{"href":"https:\/\/isfd804-chu.infd.edu.ar\/sitio\/wp-json\/wp\/v2\/media?parent=1545"}],"curies":[{"name":"wp","href":"https:\/\/api.w.org\/{rel}","templated":true}]}}