{"id":1542,"date":"2018-08-30T13:26:28","date_gmt":"2018-08-30T16:26:28","guid":{"rendered":"https:\/\/isfd804-chu.infd.edu.ar\/sitio\/prof-fisica\/"},"modified":"2025-05-13T18:56:57","modified_gmt":"2025-05-13T21:56:57","slug":"prof-fisica","status":"publish","type":"page","link":"https:\/\/isfd804-chu.infd.edu.ar\/sitio\/prof-fisica\/","title":{"rendered":"PES en F\u00edsica"},"content":{"rendered":"<p style=\"text-align: center;\"><strong>Coordinador\/a de la carrera<\/strong>:<\/p>\n<p style=\"text-align: center;\">Prof. Lorena Albornoz Mansilla<\/p>\n<p style=\"text-align: center;\"><strong>Dise\u00f1o Curricular del PES en F\u00edsica:<\/strong><\/p>\n<p style=\"text-align: center;\"><a href=\"https:\/\/isfd804-chu.infd.edu.ar\/sitio\/wp-content\/uploads\/2019\/12\/DC_PES-FIS19.pdf\">Descarga del Dise\u00f1o Curricular (Resoluci\u00f3n 545\/19)<\/a><\/p>\n<p style=\"text-align: center;\"><span style=\"font-size: 14px;\"><a title=\"Dise\u00f1o F\u00edsica 2014\" href=\"upload\/Res_ME_305.14_Anexo_I._Dise%F1o_Curricular_Profesorado_de_Ed._Secundaria_en_Fisica.pdf\" target=\"_blank\" rel=\"noopener\">Descargar dise\u00f1o 2014<\/a><\/span><\/p>\n<hr \/>\n<p><u>Programas anal\u00edticos del Dise\u00f1o Curricular (<strong>Resoluci\u00f3n.\u00a0 305\/14<\/strong>):<\/u><\/p>\n<table>\n<tbody>\n<tr>\n<td rowspan=\"11\" width=\"102\">\n<p style=\"text-align: center;\"><strong>1\u00b0 A\u00f1o<\/strong><\/p>\n<\/td>\n<td width=\"475\">An\u00e1lisis Matem\u00e1tico I:\u00a0<a href=\"https:\/\/isfd804-chu.infd.edu.ar\/sitio\/wp-content\/uploads\/2019\/07\/Programa-Ana\u0301lisis-Matema\u0301tico-I-1\u00b0-an\u0303o-Prof.-Fi\u0301sica.pdf\">Programa Ana\u0301lisis Matema\u0301tico I &#8211; 1\u00b0 an\u0303o Prof. Fi\u0301sica<\/a><\/td>\n<\/tr>\n<tr>\n<td width=\"475\"><\/td>\n<\/tr>\n<tr>\n<td width=\"475\"><\/td>\n<\/tr>\n<tr>\n<td width=\"475\"><\/td>\n<\/tr>\n<tr>\n<td width=\"475\"><\/td>\n<\/tr>\n<tr>\n<td width=\"475\"><\/td>\n<\/tr>\n<tr>\n<td width=\"475\"><\/td>\n<\/tr>\n<tr>\n<td width=\"475\"><\/td>\n<\/tr>\n<tr>\n<td width=\"475\"><\/td>\n<\/tr>\n<tr>\n<td width=\"475\"><\/td>\n<\/tr>\n<tr>\n<td width=\"475\"><\/td>\n<\/tr>\n<\/tbody>\n<\/table>\n<table>\n<tbody>\n<tr>\n<td rowspan=\"9\" width=\"102\">\n<p style=\"text-align: center;\"><strong>2\u00b0 A\u00f1o<\/strong><\/p>\n<\/td>\n<td width=\"475\">Historia y Pol\u00edtica de la Ed. Argentina:\u00a0<a href=\"https:\/\/isfd804-chu.infd.edu.ar\/sitio\/wp-content\/uploads\/2019\/05\/Programa-Historia-y-Pol\u00edtica.pdf\">Programa Historia y Pol\u00edtica<\/a><\/td>\n<\/tr>\n<tr>\n<td width=\"475\">An\u00e1lisis Matem\u00e1tico II:\u00a0<a href=\"https:\/\/isfd804-chu.infd.edu.ar\/sitio\/wp-content\/uploads\/2019\/07\/Programa-Ana\u0301lisis-Matema\u0301tico-II-2\u00b0-an\u0303o-Prof.-Fi\u0301sica.pdf\">Programa Ana\u0301lisis Matema\u0301tico II &#8211; 2\u00b0 an\u0303o Prof. Fi\u0301sica<\/a><\/td>\n<\/tr>\n<tr>\n<td width=\"475\"><\/td>\n<\/tr>\n<tr>\n<td width=\"475\"><\/td>\n<\/tr>\n<tr>\n<td width=\"475\"><\/td>\n<\/tr>\n<tr>\n<td width=\"475\"><\/td>\n<\/tr>\n<tr>\n<td width=\"475\"><\/td>\n<\/tr>\n<tr>\n<td width=\"475\"><\/td>\n<\/tr>\n<tr>\n<td width=\"475\"><\/td>\n<\/tr>\n<\/tbody>\n<\/table>\n<table>\n<tbody>\n<tr>\n<td rowspan=\"8\" width=\"102\">\n<p style=\"text-align: center;\"><strong>3\u00b0 A\u00f1o<\/strong><\/p>\n<\/td>\n<td width=\"475\"><\/td>\n<\/tr>\n<tr>\n<td width=\"475\"><\/td>\n<\/tr>\n<tr>\n<td width=\"475\"><\/td>\n<\/tr>\n<tr>\n<td width=\"475\"><\/td>\n<\/tr>\n<tr>\n<td width=\"475\"><\/td>\n<\/tr>\n<tr>\n<td width=\"475\"><\/td>\n<\/tr>\n<tr>\n<td width=\"475\"><\/td>\n<\/tr>\n<tr>\n<td width=\"475\"><\/td>\n<\/tr>\n<\/tbody>\n<\/table>\n<table>\n<tbody>\n<tr>\n<td rowspan=\"8\" width=\"102\">\n<p style=\"text-align: center;\"><strong>4\u00b0 A\u00f1o<\/strong><\/p>\n<\/td>\n<td width=\"475\">Filosof\u00eda de la Educaci\u00f3n:\u00a0<a href=\"https:\/\/isfd804-chu.infd.edu.ar\/sitio\/wp-content\/uploads\/2019\/06\/Programa-Filosof\u00eda-de-la-Educaci\u00f3n-FI.pdf\">Programa Filosof\u00eda de la Educaci\u00f3n &#8211; FI<\/a><\/td>\n<\/tr>\n<tr>\n<td width=\"475\">Laboratorio de Ense\u00f1anza de la F\u00edsica:\u00a0<a href=\"https:\/\/isfd804-chu.infd.edu.ar\/sitio\/wp-content\/uploads\/2020\/06\/PROGRAMA-DE-LABORATORIO-DE-ENSE\u00d1ANZA-DE-LA-F\u00cdSICA.pdf\">Programa de Laboratorio de Ense\u00f1anza de la F\u00edsica<\/a><\/td>\n<\/tr>\n<tr>\n<td width=\"475\"><\/td>\n<\/tr>\n<tr>\n<td width=\"475\"><\/td>\n<\/tr>\n<tr>\n<td width=\"475\"><\/td>\n<\/tr>\n<tr>\n<td width=\"475\"><\/td>\n<\/tr>\n<tr>\n<td width=\"475\"><\/td>\n<\/tr>\n<tr>\n<td width=\"475\"><\/td>\n<\/tr>\n<\/tbody>\n<\/table>\n","protected":false},"excerpt":{"rendered":"<p>Coordinador\/a de la carrera: Prof. Lorena Albornoz Mansilla Dise\u00f1o Curricular del PES en F\u00edsica: Descarga del Dise\u00f1o Curricular (Resoluci\u00f3n 545\/19) Descargar dise\u00f1o 2014 Programas anal\u00edticos del Dise\u00f1o Curricular (Resoluci\u00f3n.\u00a0 305\/14): 1\u00b0 A\u00f1o An\u00e1lisis Matem\u00e1tico I:\u00a0Programa Ana\u0301lisis Matema\u0301tico I &#8211; 1\u00b0 an\u0303o Prof. Fi\u0301sica 2\u00b0 A\u00f1o Historia y Pol\u00edtica de la Ed. Argentina:\u00a0Programa Historia y Pol\u00edtica &#8230; <a title=\"PES en F\u00edsica\" class=\"read-more\" href=\"https:\/\/isfd804-chu.infd.edu.ar\/sitio\/prof-fisica\/\" aria-label=\"More on PES en F\u00edsica\">[+]<\/a><\/p>\n","protected":false},"author":2752,"featured_media":0,"parent":0,"menu_order":0,"comment_status":"closed","ping_status":"closed","template":"","meta":[],"acf":[],"_links":{"self":[{"href":"https:\/\/isfd804-chu.infd.edu.ar\/sitio\/wp-json\/wp\/v2\/pages\/1542"}],"collection":[{"href":"https:\/\/isfd804-chu.infd.edu.ar\/sitio\/wp-json\/wp\/v2\/pages"}],"about":[{"href":"https:\/\/isfd804-chu.infd.edu.ar\/sitio\/wp-json\/wp\/v2\/types\/page"}],"author":[{"embeddable":true,"href":"https:\/\/isfd804-chu.infd.edu.ar\/sitio\/wp-json\/wp\/v2\/users\/2752"}],"replies":[{"embeddable":true,"href":"https:\/\/isfd804-chu.infd.edu.ar\/sitio\/wp-json\/wp\/v2\/comments?post=1542"}],"version-history":[{"count":13,"href":"https:\/\/isfd804-chu.infd.edu.ar\/sitio\/wp-json\/wp\/v2\/pages\/1542\/revisions"}],"predecessor-version":[{"id":6039,"href":"https:\/\/isfd804-chu.infd.edu.ar\/sitio\/wp-json\/wp\/v2\/pages\/1542\/revisions\/6039"}],"wp:attachment":[{"href":"https:\/\/isfd804-chu.infd.edu.ar\/sitio\/wp-json\/wp\/v2\/media?parent=1542"}],"curies":[{"name":"wp","href":"https:\/\/api.w.org\/{rel}","templated":true}]}}