{"id":1531,"date":"2018-08-30T13:26:23","date_gmt":"2018-08-30T16:26:23","guid":{"rendered":"https:\/\/isfd804-chu.infd.edu.ar\/sitio\/prof-biologia\/"},"modified":"2024-10-28T20:14:24","modified_gmt":"2024-10-28T23:14:24","slug":"prof-biologia","status":"publish","type":"page","link":"https:\/\/isfd804-chu.infd.edu.ar\/sitio\/prof-biologia\/","title":{"rendered":"PES en Biolog\u00eda"},"content":{"rendered":"<p style=\"font-family: Verdana, Arial, Helvetica, sans-serif; font-size: 12px; font-weight: bold; text-align: center;\">Coordinador\/a:<\/p>\n<p style=\"font-family: Verdana, Arial, Helvetica, sans-serif; font-size: 14px; text-align: center;\">Prof. Carolina Kexper<\/p>\n<p style=\"font-family: Verdana, Arial, Helvetica, sans-serif; font-size: 12px; font-weight: bold; text-align: center;\">Dise\u00f1o curricular del profesorado en Biolog\u00eda:<\/p>\n<p style=\"text-align: center;\"><a href=\"https:\/\/isfd804-chu.infd.edu.ar\/sitio\/wp-content\/uploads\/2019\/12\/DC_PES-BIO19.pdf\">Descarga de Dise\u00f1o Curricular (Resoluci\u00f3n\u00a0548\/19)<\/a><\/p>\n<hr \/>\n<p>Programas Anal\u00edticos de la Resoluci\u00f3n (<strong>Res. N\u00b0 307\/14<\/strong>):<\/p>\n<table>\n<tbody>\n<tr>\n<td rowspan=\"10\" width=\"102\">\n<p style=\"text-align: center;\"><strong>1\u00b0 A\u00f1o<\/strong><\/p>\n<\/td>\n<td width=\"475\">Lectura y escritura acad\u00e9mica:\u00a0<a href=\"https:\/\/isfd804-chu.infd.edu.ar\/sitio\/wp-content\/uploads\/2019\/05\/Programa-Lectura-y-Escritura-Acad\u00e9mica.pdf\">Programa Lectura y Escritura Acad\u00e9mica<\/a><\/td>\n<\/tr>\n<tr>\n<td width=\"475\"><\/td>\n<\/tr>\n<tr>\n<td width=\"475\"><\/td>\n<\/tr>\n<tr>\n<td width=\"475\"><\/td>\n<\/tr>\n<tr>\n<td width=\"475\"><\/td>\n<\/tr>\n<tr>\n<td width=\"475\"><\/td>\n<\/tr>\n<tr>\n<td width=\"475\"><\/td>\n<\/tr>\n<tr>\n<td width=\"475\"><\/td>\n<\/tr>\n<tr>\n<td width=\"475\"><\/td>\n<\/tr>\n<tr>\n<td width=\"475\"><\/td>\n<\/tr>\n<\/tbody>\n<\/table>\n<table>\n<tbody>\n<tr>\n<td rowspan=\"10\" width=\"102\">\n<p style=\"text-align: center;\"><strong>2\u00b0 A\u00f1o<\/strong><\/p>\n<\/td>\n<td width=\"475\">Historia y Pol\u00edtica de la Ed. Argentina:\u00a0<a href=\"https:\/\/isfd804-chu.infd.edu.ar\/sitio\/wp-content\/uploads\/2019\/05\/Programa-Historia-y-Pol\u00edtica.pdf\">Programa Historia y Pol\u00edtica<\/a><\/td>\n<\/tr>\n<tr>\n<td width=\"475\">Educaci\u00f3n y TIC:\u00a0<a href=\"https:\/\/isfd804-chu.infd.edu.ar\/sitio\/wp-content\/uploads\/2019\/05\/Educaci\u00f3n-y-TIC_BIO804.pdf\">Educaci\u00f3n-y-TIC_BIO 804<\/a><\/td>\n<\/tr>\n<tr>\n<td width=\"475\"><\/td>\n<\/tr>\n<tr>\n<td width=\"475\"><\/td>\n<\/tr>\n<tr>\n<td width=\"475\"><\/td>\n<\/tr>\n<tr>\n<td width=\"475\"><\/td>\n<\/tr>\n<tr>\n<td width=\"475\"><\/td>\n<\/tr>\n<tr>\n<td width=\"475\"><\/td>\n<\/tr>\n<tr>\n<td width=\"475\"><\/td>\n<\/tr>\n<tr>\n<td width=\"475\"><\/td>\n<\/tr>\n<\/tbody>\n<\/table>\n<table>\n<tbody>\n<tr>\n<td rowspan=\"10\" width=\"102\">\n<p style=\"text-align: center;\"><strong>3\u00b0 A\u00f1o<\/strong><\/p>\n<\/td>\n<td width=\"475\"><\/td>\n<\/tr>\n<tr>\n<td width=\"475\"><\/td>\n<\/tr>\n<tr>\n<td width=\"475\"><\/td>\n<\/tr>\n<tr>\n<td width=\"475\"><\/td>\n<\/tr>\n<tr>\n<td width=\"475\"><\/td>\n<\/tr>\n<tr>\n<td width=\"475\"><\/td>\n<\/tr>\n<tr>\n<td width=\"475\"><\/td>\n<\/tr>\n<tr>\n<td width=\"475\"><\/td>\n<\/tr>\n<tr>\n<td width=\"475\"><\/td>\n<\/tr>\n<tr>\n<td width=\"475\"><\/td>\n<\/tr>\n<\/tbody>\n<\/table>\n<table>\n<tbody>\n<tr>\n<td rowspan=\"9\" width=\"102\">\n<p style=\"text-align: center;\"><strong>4\u00b0 A\u00f1o<\/strong><\/p>\n<\/td>\n<td width=\"475\">Filosof\u00eda de la Educaci\u00f3n:\u00a0<a href=\"https:\/\/isfd804-chu.infd.edu.ar\/sitio\/wp-content\/uploads\/2019\/05\/Programa-Filosof\u00eda-de-la-Educaci\u00f3n-BIO.pdf\">Programa Filosof\u00eda de la Educaci\u00f3n &#8211; BIO<\/a><\/td>\n<\/tr>\n<tr>\n<td width=\"475\"><\/td>\n<\/tr>\n<tr>\n<td width=\"475\"><\/td>\n<\/tr>\n<tr>\n<td width=\"475\"><\/td>\n<\/tr>\n<tr>\n<td width=\"475\"><\/td>\n<\/tr>\n<tr>\n<td width=\"475\"><\/td>\n<\/tr>\n<tr>\n<td width=\"475\"><\/td>\n<\/tr>\n<tr>\n<td width=\"475\"><\/td>\n<\/tr>\n<tr>\n<td width=\"475\"><\/td>\n<\/tr>\n<\/tbody>\n<\/table>\n","protected":false},"excerpt":{"rendered":"<p>Coordinador\/a: Prof. Carolina Kexper Dise\u00f1o curricular del profesorado en Biolog\u00eda: Descarga de Dise\u00f1o Curricular (Resoluci\u00f3n\u00a0548\/19) Programas Anal\u00edticos de la Resoluci\u00f3n (Res. N\u00b0 307\/14): 1\u00b0 A\u00f1o Lectura y escritura acad\u00e9mica:\u00a0Programa Lectura y Escritura Acad\u00e9mica 2\u00b0 A\u00f1o Historia y Pol\u00edtica de la Ed. Argentina:\u00a0Programa Historia y Pol\u00edtica Educaci\u00f3n y TIC:\u00a0Educaci\u00f3n-y-TIC_BIO 804 3\u00b0 A\u00f1o 4\u00b0 A\u00f1o Filosof\u00eda de &#8230; <a title=\"PES en Biolog\u00eda\" class=\"read-more\" href=\"https:\/\/isfd804-chu.infd.edu.ar\/sitio\/prof-biologia\/\" aria-label=\"More on PES en Biolog\u00eda\">[+]<\/a><\/p>\n","protected":false},"author":2752,"featured_media":0,"parent":0,"menu_order":0,"comment_status":"closed","ping_status":"closed","template":"","meta":[],"acf":[],"_links":{"self":[{"href":"https:\/\/isfd804-chu.infd.edu.ar\/sitio\/wp-json\/wp\/v2\/pages\/1531"}],"collection":[{"href":"https:\/\/isfd804-chu.infd.edu.ar\/sitio\/wp-json\/wp\/v2\/pages"}],"about":[{"href":"https:\/\/isfd804-chu.infd.edu.ar\/sitio\/wp-json\/wp\/v2\/types\/page"}],"author":[{"embeddable":true,"href":"https:\/\/isfd804-chu.infd.edu.ar\/sitio\/wp-json\/wp\/v2\/users\/2752"}],"replies":[{"embeddable":true,"href":"https:\/\/isfd804-chu.infd.edu.ar\/sitio\/wp-json\/wp\/v2\/comments?post=1531"}],"version-history":[{"count":15,"href":"https:\/\/isfd804-chu.infd.edu.ar\/sitio\/wp-json\/wp\/v2\/pages\/1531\/revisions"}],"predecessor-version":[{"id":5911,"href":"https:\/\/isfd804-chu.infd.edu.ar\/sitio\/wp-json\/wp\/v2\/pages\/1531\/revisions\/5911"}],"wp:attachment":[{"href":"https:\/\/isfd804-chu.infd.edu.ar\/sitio\/wp-json\/wp\/v2\/media?parent=1531"}],"curies":[{"name":"wp","href":"https:\/\/api.w.org\/{rel}","templated":true}]}}