{"id":1484,"date":"2018-08-30T13:25:59","date_gmt":"2018-08-30T16:25:59","guid":{"rendered":"https:\/\/isfd804-chu.infd.edu.ar\/sitio\/formularios-y-documentos\/"},"modified":"2024-09-24T20:54:53","modified_gmt":"2024-09-24T23:54:53","slug":"formularios-y-documentos","status":"publish","type":"page","link":"https:\/\/isfd804-chu.infd.edu.ar\/sitio\/formularios-y-documentos\/","title":{"rendered":"Secretar\u00eda"},"content":{"rendered":"<h3><img decoding=\"async\" loading=\"lazy\" class=\"wp-image-2522 aligncenter\" src=\"https:\/\/isfd804-chu.infd.edu.ar\/sitio\/wp-content\/uploads\/2020\/02\/ESQUEL-1000x250.png\" alt=\"\" width=\"631\" height=\"158\" srcset=\"https:\/\/isfd804-chu.infd.edu.ar\/sitio\/wp-content\/uploads\/2020\/02\/ESQUEL-1000x250.png 1000w, https:\/\/isfd804-chu.infd.edu.ar\/sitio\/wp-content\/uploads\/2020\/02\/ESQUEL-768x192.png 768w, https:\/\/isfd804-chu.infd.edu.ar\/sitio\/wp-content\/uploads\/2020\/02\/ESQUEL.png 1360w\" sizes=\"(max-width: 631px) 100vw, 631px\" \/><\/h3>\n<h4 style=\"text-align: left;\">Funcionamiento y atenci\u00f3n:<\/h4>\n<p>Est\u00e1n a cargo de la secretar\u00eda, Mar\u00eda Jos\u00e9 Guti\u00e9rrez, como secretaria Administrativa, y Silvia Huisca como Auxiliar administrativa. Pueden realizar sus consultas a trav\u00e9s de correo<em> instituto804secretaria@gmail.com<\/em>.<\/p>\n<h4>Formularios para la carga de documentaci\u00f3n seg\u00fan el tr\u00e1mite:<\/h4>\n<ul>\n<li><a href=\"https:\/\/docs.google.com\/forms\/d\/e\/1FAIpQLSes1tEEiUsKAwVAa1f-RYAbr6a52Dju_J_g1Q24mEJSxzn9Rg\/viewform?usp=sf_link\">Reclamo por haberes<\/a><\/li>\n<li><a href=\"https:\/\/docs.google.com\/forms\/d\/e\/1FAIpQLSdVPT8C_xWrN0Z32Sinea5ZGxOptfj8AxbICMiYDpUVZdq4Rg\/viewform?usp=sf_link\">Licencias Covid \/ Contacto estrecho &#8211; Retenciones<\/a><\/li>\n<li><a href=\"https:\/\/docs.google.com\/forms\/d\/e\/1FAIpQLSe4giFUvoj6d17ozbUSg6bwtlR4-MFdzLtJkKlGJ-5aikwDYA\/viewform?usp=sf_link\">DDJJ de horas c\u00e1tedras y\/o cargos.<\/a><\/li>\n<li><a href=\"https:\/\/docs.google.com\/forms\/d\/e\/1FAIpQLSfm8y0fK5JkKKPU_bARfAXb_yY7B0VV4oo-XL92JjPSUyWWog\/viewform?usp=sf_link\">DDJJ de enfermedades preexistentes<\/a>. S\u00f3lo se reciben de manera virtual si van a enviar el original por otra instituci\u00f3n.<\/li>\n<li><a href=\"https:\/\/forms.gle\/NiqWvUDLdHxYzUZW6\">Solicitud de Certificaci\u00f3n de servicios<\/a><\/li>\n<li><a href=\"https:\/\/docs.google.com\/forms\/d\/e\/1FAIpQLScvoMKw5jdlllXPRJpF1qzFHsEPdJILBInW3RLa-IVDrBdQcQ\/viewform?usp=sf_link\">Solicitud de licencia anual<\/a><\/li>\n<\/ul>\n<h4>Modelos de tr\u00e1mites varios.\u00a0Consultar la web del ministerio <a href=\"https:\/\/www.chubut.edu.ar\/nuevachubut\/2017\/02\/15\/formularios-de-descarga-2\/\">aqu\u00ed<\/a>.<\/h4>\n<ul>\n<li><a href=\"https:\/\/drive.google.com\/file\/d\/1IKPIZaCkLR_nMA9qfmzFURnLwDotraI9\/view?usp=sharing\">Formato de la Declaraci\u00f3n Jurada de Enfermedades preexistentes.<\/a><\/li>\n<li><a href=\"https:\/\/drive.google.com\/file\/d\/1G4W85oS_J_0unQzPJfv1MJLXDPZXP94C\/view?usp=sharing\">Formato la de Declaraci\u00f3n Jurada para el personal de riesgo<\/a><\/li>\n<li>Declaraci\u00f3n_Jurada_de_Cargos<\/li>\n<li>Asignaciones_Familiares_DJ<\/li>\n<li>Ayuda_Escolar<\/li>\n<\/ul>\n<hr \/>\n<h3><strong><img decoding=\"async\" loading=\"lazy\" class=\" aligncenter\" src=\"https:\/\/encrypted-tbn0.gstatic.com\/images?q=tbn%3AANd9GcRmmpaKyExFgKP6KoC2HSdb9TkbO8G9u1quc7-Y7MZ1TdyEc-E9\" width=\"304\" height=\"228\" \/><\/strong><\/h3>\n<p><strong>Formularios del Ministerio de Educaci\u00f3n de la provincia del Chubut:<\/strong><\/p>\n<p><a href=\"https:\/\/chubut.edu.ar\/formularios-old2023\/\">https:\/\/chubut.edu.ar\/formularios-old2023\/<\/a><\/p>\n","protected":false},"excerpt":{"rendered":"<p>Funcionamiento y atenci\u00f3n: Est\u00e1n a cargo de la secretar\u00eda, Mar\u00eda Jos\u00e9 Guti\u00e9rrez, como secretaria Administrativa, y Silvia Huisca como Auxiliar administrativa. Pueden realizar sus consultas a trav\u00e9s de correo instituto804secretaria@gmail.com. Formularios para la carga de documentaci\u00f3n seg\u00fan el tr\u00e1mite: Reclamo por haberes Licencias Covid \/ Contacto estrecho &#8211; Retenciones DDJJ de horas c\u00e1tedras y\/o cargos. &#8230; <a title=\"Secretar\u00eda\" class=\"read-more\" href=\"https:\/\/isfd804-chu.infd.edu.ar\/sitio\/formularios-y-documentos\/\" aria-label=\"More on Secretar\u00eda\">[+]<\/a><\/p>\n","protected":false},"author":2752,"featured_media":0,"parent":0,"menu_order":0,"comment_status":"closed","ping_status":"closed","template":"","meta":[],"acf":[],"_links":{"self":[{"href":"https:\/\/isfd804-chu.infd.edu.ar\/sitio\/wp-json\/wp\/v2\/pages\/1484"}],"collection":[{"href":"https:\/\/isfd804-chu.infd.edu.ar\/sitio\/wp-json\/wp\/v2\/pages"}],"about":[{"href":"https:\/\/isfd804-chu.infd.edu.ar\/sitio\/wp-json\/wp\/v2\/types\/page"}],"author":[{"embeddable":true,"href":"https:\/\/isfd804-chu.infd.edu.ar\/sitio\/wp-json\/wp\/v2\/users\/2752"}],"replies":[{"embeddable":true,"href":"https:\/\/isfd804-chu.infd.edu.ar\/sitio\/wp-json\/wp\/v2\/comments?post=1484"}],"version-history":[{"count":31,"href":"https:\/\/isfd804-chu.infd.edu.ar\/sitio\/wp-json\/wp\/v2\/pages\/1484\/revisions"}],"predecessor-version":[{"id":5875,"href":"https:\/\/isfd804-chu.infd.edu.ar\/sitio\/wp-json\/wp\/v2\/pages\/1484\/revisions\/5875"}],"wp:attachment":[{"href":"https:\/\/isfd804-chu.infd.edu.ar\/sitio\/wp-json\/wp\/v2\/media?parent=1484"}],"curies":[{"name":"wp","href":"https:\/\/api.w.org\/{rel}","templated":true}]}}