{"id":1480,"date":"2018-08-30T13:25:57","date_gmt":"2018-08-30T16:25:57","guid":{"rendered":"https:\/\/isfd804-chu.infd.edu.ar\/sitio\/nuestras-ofertas\/"},"modified":"2026-03-05T21:23:47","modified_gmt":"2026-03-06T00:23:47","slug":"nuestras-ofertas","status":"publish","type":"page","link":"https:\/\/isfd804-chu.infd.edu.ar\/sitio\/nuestras-ofertas\/","title":{"rendered":"Nuestras ofertas"},"content":{"rendered":"<p><img decoding=\"async\" loading=\"lazy\" class=\"size-full wp-image-2975 alignright\" src=\"https:\/\/isfd804-chu.infd.edu.ar\/sitio\/wp-content\/uploads\/2020\/06\/images.jpeg\" alt=\"\" width=\"225\" height=\"225\" \/><\/p>\n<p style=\"text-align: center;\"><strong><span style=\"color: #000000;\"><span style=\"font-family: arial,helvetica,sans-serif;\"><span style=\"font-size: 14pt;\">Nuestro Instituto ofrece una variada oferta de carreras de formaci\u00f3n docente y t\u00e9cnica con una duraci\u00f3n entre 3 y 4 a\u00f1os.\u00a0<\/span><\/span><\/span><\/strong><span style=\"font-family: arial, helvetica, sans-serif; color: #000000;\"><span style=\"font-size: 14pt;\"><strong>El cursado de estas ofertas puede realizarse en la sede Esquel, en el anexo de Trevelin o en la extensi\u00f3n \u00e1ulica de Tecka<\/strong><\/span><\/span><\/p>\n<p><span style=\"font-family: arial, helvetica, sans-serif; color: #000000;\"><span style=\"font-size: 14pt;\">A continuaci\u00f3n podr\u00e1 descargar los dise\u00f1os curriculares. Para mayor informaci\u00f3n puede escribirnos a oficinaestudiantes804@gmail.com <\/span><\/span><span style=\"font-family: arial, helvetica, sans-serif; color: #000000;\"><span style=\"font-size: 14pt;\">:<\/span><\/span><\/p>\n<h3>Ofertas acad\u00e9micas<\/h3>\n<p>Sede Esquel<\/p>\n<ul>\n<li>Prof. de Educaci\u00f3n Secundaria en Mat\u00e9matica<\/li>\n<li>Prof. de Educaci\u00f3n Secundaria en F\u00edsica<\/li>\n<li>Prof. de Educaci\u00f3n Secundaria en Qu\u00edmica<\/li>\n<li>Tecn. Sup. en Entrenamiento Deportivo \u2013 Resoluci\u00f3n en tr\u00e1mite Expte. 4561\/22<\/li>\n<\/ul>\n<p>Anexo Trevelin<\/p>\n<ul>\n<li>Prof. de Educaci\u00f3n Secundaria en Biolog\u00eda<\/li>\n<li>Prof. de Educaci\u00f3n Secundaria en Econom\u00eda<\/li>\n<li>Prof. de Educaci\u00f3n Especial con orientaci\u00f3n en Discapacidad Intelectual<\/li>\n<li>Prof. de Educaci\u00f3n Secundaria en Tecnolog\u00eda<\/li>\n<li>Tecn. Sup. en Gesti\u00f3n Administrativa Orientada a la Producci\u00f3n<\/li>\n<li>Dispositivo Mayores de 25.<\/li>\n<\/ul>\n<p>Tecka (Extensi\u00f3n \u00e1ulica)<\/p>\n<ul>\n<li>Tecn. Sup. en Ni\u00f1ez, Adolescencia y Familia<\/li>\n<\/ul>\n<h3>Dise\u00f1os Curriculares de cada una de las carreras<\/h3>\n<ul>\n<li>\n<h4>Sede Esquel<\/h4>\n<ul>\n<li><a href=\"https:\/\/drive.google.com\/file\/d\/1vwJ-ynY8bVMFMrdcBqLg_dzL9QUioZkL\/view?usp=drivesdk\">PES en Matem\u00e1tica<\/a><\/li>\n<li><a href=\"https:\/\/drive.google.com\/file\/d\/1i5RtYsrDkF0zmHg8tZlofxHPpNGq4EPx\/view?usp=drivesdk\">PES en F\u00edsica<\/a><\/li>\n<li><a href=\"https:\/\/drive.google.com\/file\/d\/1R10rAE837wWV2V08MOc4uJWKfdYiXCpd\/view?usp=drivesdk\">PES en Qu\u00edmica<\/a><\/li>\n<li><a href=\"https:\/\/drive.google.com\/file\/d\/15miW_LPNEoNeXMPeqw-67poHU5xd6aES\/view?usp=drivesdk\">PEE Sordos e Hipoac\u00fasicos<\/a><\/li>\n<li><a href=\"https:\/\/drive.google.com\/file\/d\/1BjZ4rd5mtBpgWlaTCFc5iBriKTMS4n2l\/view?usp=drive_link\">Tecnicatura Superior en Administraci\u00f3n Publica Orientada al Desarrollo Local<\/a><\/li>\n<li><a href=\"https:\/\/drive.google.com\/file\/d\/1BAF33n97j2VauSizjseI8IKiu_pz3mOi\/view?usp=drive_link\">Tecnicatura Superior en Gesti\u00f3n Integrada de la Calidad<\/a><\/li>\n<li><a href=\"https:\/\/drive.google.com\/file\/d\/1QedSSNReRqsMJ9dxKUKvHBClxXmHGZum\/view?usp=sharing\">Profesorado de Educaci\u00f3n F\u00edsica (DC 2022)<\/a><\/li>\n<\/ul>\n<\/li>\n<\/ul>\n<ul>\n<li>\n<h4>Anexo Trevelin<\/h4>\n<ul>\n<li><a href=\"https:\/\/drive.google.com\/file\/d\/1GwPYfvqDBM2wNGccHMNGqV65F7A_nRVm\/view?usp=drivesdk\">PEE Intelectuales<\/a><\/li>\n<li><a href=\"https:\/\/drive.google.com\/file\/d\/1ZdTiGRfq6AOFM9qKnzGu1s-R1paTIm7o\/view?usp=drivesdk\">PES en Biolog\u00eda<\/a><\/li>\n<li><a href=\"https:\/\/drive.google.com\/file\/d\/1S8ju8djlphcFW1PCck7e-VSj4XEaIcl8\/view?usp=drivesdk\">PES en Econom\u00eda<\/a><\/li>\n<li><a href=\"https:\/\/drive.google.com\/file\/d\/13qXk6MBml8rABeXWjhHDS7K7Wp20dBBU\/view?usp=drivesdk\">TS en Administraci\u00f3n P\u00fablica<\/a><\/li>\n<li><a href=\"https:\/\/drive.google.com\/file\/d\/1h-_e-sjywv-GAnNTaXQ3fHZFR1i8GSGj\/view?usp=drive_link\">PES en Econom\u00eda<\/a><\/li>\n<li><a href=\"https:\/\/drive.google.com\/file\/d\/17t4vUYK9Acik3KbdHG-MSjsuLlcbC1yC\/view?usp=drive_link\">Profesorado de Educaci\u00f3n Tecnol\u00f3gica<\/a><\/li>\n<li><a href=\"https:\/\/drive.google.com\/file\/d\/1xNlLM801-uaievc1pVMEiPp3tbCr4ow0\/view?usp=drive_link\">Tecn. Sup. en Periodismo Deportivo<\/a><\/li>\n<li><a href=\"https:\/\/drive.google.com\/file\/d\/1BjZ4rd5mtBpgWlaTCFc5iBriKTMS4n2l\/view?usp=drive_link\">Tecnicatura Superior en Administraci\u00f3n Publica Orientada al Desarrollo Local<\/a><\/li>\n<\/ul>\n<\/li>\n<li>\n<h4>Tecka (Extensi\u00f3n \u00e1ulica)<\/h4>\n<ul>\n<li><a href=\"https:\/\/drive.google.com\/file\/d\/1JADnrc4BOhcupfaAhx_Q4cogrlKxLm1p\/view?usp=sharing\">TECNICATURA SUPERIOR EN NI\u00d1EZ, ADOLESCENCIA Y FAMILIA<\/a><\/li>\n<\/ul>\n<\/li>\n<\/ul>\n<hr \/>\n<p align=\"left\">\n","protected":false},"excerpt":{"rendered":"<p>Nuestro Instituto ofrece una variada oferta de carreras de formaci\u00f3n docente y t\u00e9cnica con una duraci\u00f3n entre 3 y 4 a\u00f1os.\u00a0El cursado de estas ofertas puede realizarse en la sede Esquel, en el anexo de Trevelin o en la extensi\u00f3n \u00e1ulica de Tecka A continuaci\u00f3n podr\u00e1 descargar los dise\u00f1os curriculares. Para mayor informaci\u00f3n puede escribirnos &#8230; <a title=\"Nuestras ofertas\" class=\"read-more\" href=\"https:\/\/isfd804-chu.infd.edu.ar\/sitio\/nuestras-ofertas\/\" aria-label=\"More on Nuestras ofertas\">[+]<\/a><\/p>\n","protected":false},"author":2752,"featured_media":0,"parent":0,"menu_order":0,"comment_status":"closed","ping_status":"closed","template":"","meta":[],"acf":[],"_links":{"self":[{"href":"https:\/\/isfd804-chu.infd.edu.ar\/sitio\/wp-json\/wp\/v2\/pages\/1480"}],"collection":[{"href":"https:\/\/isfd804-chu.infd.edu.ar\/sitio\/wp-json\/wp\/v2\/pages"}],"about":[{"href":"https:\/\/isfd804-chu.infd.edu.ar\/sitio\/wp-json\/wp\/v2\/types\/page"}],"author":[{"embeddable":true,"href":"https:\/\/isfd804-chu.infd.edu.ar\/sitio\/wp-json\/wp\/v2\/users\/2752"}],"replies":[{"embeddable":true,"href":"https:\/\/isfd804-chu.infd.edu.ar\/sitio\/wp-json\/wp\/v2\/comments?post=1480"}],"version-history":[{"count":32,"href":"https:\/\/isfd804-chu.infd.edu.ar\/sitio\/wp-json\/wp\/v2\/pages\/1480\/revisions"}],"predecessor-version":[{"id":6256,"href":"https:\/\/isfd804-chu.infd.edu.ar\/sitio\/wp-json\/wp\/v2\/pages\/1480\/revisions\/6256"}],"wp:attachment":[{"href":"https:\/\/isfd804-chu.infd.edu.ar\/sitio\/wp-json\/wp\/v2\/media?parent=1480"}],"curies":[{"name":"wp","href":"https:\/\/api.w.org\/{rel}","templated":true}]}}